{"id":104,"date":"2017-04-06T20:13:02","date_gmt":"2017-04-06T18:13:02","guid":{"rendered":"http:\/\/lponordgrandeterre.fr\/?page_id=104"},"modified":"2017-06-13T17:37:36","modified_gmt":"2017-06-13T15:37:36","slug":"nos-realisations","status":"publish","type":"page","link":"https:\/\/lponordgrandeterre.fr\/?page_id=104","title":{"rendered":"Nos r\u00e9alisations"},"content":{"rendered":"\n\n<div class=\"su-posts su-posts-default-loop\">\n\n\t\n\t\t\n\t\t\t<div id=\"su-post-5497\" class=\"su-post\">\n\n\t\t\t\t\t\t\t\t\t<a class=\"su-post-thumbnail\" href=\"https:\/\/lponordgrandeterre.fr\/?p=5497\"><img width=\"289\" height=\"163\" src=\"https:\/\/lponordgrandeterre.fr\/wp-content\/uploads\/2024\/11\/3018-Numero-unique.png\" class=\"attachment-post-thumbnail size-post-thumbnail wp-post-image\" alt=\"\" decoding=\"async\" loading=\"lazy\" \/><\/a>\n\t\t\t\t\n\t\t\t\t<h2 class=\"su-post-title\"><a href=\"https:\/\/lponordgrandeterre.fr\/?p=5497\">Pr\u00e9vention du harc\u00e8lement \u00e0 l&#8217;Ecole<\/a><\/h2>\n\n\t\t\t\t<div class=\"su-post-meta\">\n\t\t\t\t\tPubli\u00e9: 7 novembre 2024\t\t\t\t<\/div>\n\n\t\t\t\t<div class=\"su-post-excerpt\">\n\t\t\t\t\t<p>Au lyc\u00e9e polyvalent Nord Grande-Terre et comme dans tous les \u00e9tablissements similaires de France, une politique de pr\u00e9vention des violences et du harc\u00e8lement est d\u00e9ploy\u00e9e. La journ\u00e9e nationale \u00ab&nbsp;Non au harc\u00e8lement&nbsp;\u00bb pr\u00e9vue le 7 novembre 2024 marque le lancement d\u2019un ensemble d\u2019actions et de projets visant \u00e0 pr\u00e9venir les situations violentes entre \u00e9l\u00e8ves qui, particuli\u00e8rement quand elles sont r\u00e9currentes, l\u00e8sent le vivre ensemble. A ce titre, notre \u00e9tablissement met en \u0153uvre le programme pHare \u2013 programme national de lutte contre le harc\u00e8lement \u00e0 l\u2019Ecole. Notre principal objectif est de&nbsp;sensibiliser les&#8230; <\/p>\n\t\t\t\t<\/div>\n\n\t\t\t\t\n\t\t\t<\/div>\n\n\t\t\n\t\t\t<div id=\"su-post-4109\" class=\"su-post\">\n\n\t\t\t\t\t\t\t\t\t<a class=\"su-post-thumbnail\" href=\"https:\/\/lponordgrandeterre.fr\/?p=4109\"><img width=\"225\" height=\"225\" src=\"https:\/\/lponordgrandeterre.fr\/wp-content\/uploads\/2022\/09\/Test-informatique.jpg\" class=\"attachment-post-thumbnail size-post-thumbnail wp-post-image\" alt=\"\" decoding=\"async\" loading=\"lazy\" srcset=\"https:\/\/lponordgrandeterre.fr\/wp-content\/uploads\/2022\/09\/Test-informatique.jpg 225w, https:\/\/lponordgrandeterre.fr\/wp-content\/uploads\/2022\/09\/Test-informatique-150x150.jpg 150w\" sizes=\"(max-width: 225px) 100vw, 225px\" \/><\/a>\n\t\t\t\t\n\t\t\t\t<h2 class=\"su-post-title\"><a href=\"https:\/\/lponordgrandeterre.fr\/?p=4109\">1. 2. 3. Positionnement !<\/a><\/h2>\n\n\t\t\t\t<div class=\"su-post-meta\">\n\t\t\t\t\tPubli\u00e9: 9 septembre 2024\t\t\t\t<\/div>\n\n\t\t\t\t<div class=\"su-post-excerpt\">\n\t\t\t\t\t<p>Les tests de positionnement d\u00e9butent le lundi 09.09.2024. Ils couvrent deux (2) disciplines : le fran\u00e7ais et les math\u00e9matiques et concernent trois (3) profils d&#8217;\u00e9l\u00e8ves entrants : ceux de 2\u00b0GT, 2\u00b0PRO et 1\u00b0CAP. Bas\u00e9s sur l&#8217;adaptation des contenus \u00e9valu\u00e9s, ces tests permettront de mieux cerner les besoins de chaque \u00e9l\u00e8ve. Les r\u00e9sultats individuels de chaque \u00e9l\u00e8ve seront remis \u00e0 leurs parents ou responsables l\u00e9gaux le mardi 8.10.2024 \u00e0 16h45, \u00e0 l&#8217;occasion de la rencontre de mi-p\u00e9riode.<\/p>\n\t\t\t\t<\/div>\n\n\t\t\t\t\n\t\t\t<\/div>\n\n\t\t\n\t\t\t<div id=\"su-post-4998\" class=\"su-post\">\n\n\t\t\t\t\t\t\t\t\t<a class=\"su-post-thumbnail\" href=\"https:\/\/lponordgrandeterre.fr\/?p=4998\"><img width=\"1080\" height=\"1080\" src=\"https:\/\/lponordgrandeterre.fr\/wp-content\/uploads\/2023\/10\/Semaine-bleue.png\" class=\"attachment-post-thumbnail size-post-thumbnail wp-post-image\" alt=\"\" decoding=\"async\" loading=\"lazy\" srcset=\"https:\/\/lponordgrandeterre.fr\/wp-content\/uploads\/2023\/10\/Semaine-bleue.png 1080w, https:\/\/lponordgrandeterre.fr\/wp-content\/uploads\/2023\/10\/Semaine-bleue-300x300.png 300w, https:\/\/lponordgrandeterre.fr\/wp-content\/uploads\/2023\/10\/Semaine-bleue-1024x1024.png 1024w, https:\/\/lponordgrandeterre.fr\/wp-content\/uploads\/2023\/10\/Semaine-bleue-150x150.png 150w, https:\/\/lponordgrandeterre.fr\/wp-content\/uploads\/2023\/10\/Semaine-bleue-768x768.png 768w\" sizes=\"(max-width: 1080px) 100vw, 1080px\" \/><\/a>\n\t\t\t\t\n\t\t\t\t<h2 class=\"su-post-title\"><a href=\"https:\/\/lponordgrandeterre.fr\/?p=4998\">Semaine bleue \u00e0 Beauport<\/a><\/h2>\n\n\t\t\t\t<div class=\"su-post-meta\">\n\t\t\t\t\tPubli\u00e9: 18 octobre 2023\t\t\t\t<\/div>\n\n\t\t\t\t<div class=\"su-post-excerpt\">\n\t\t\t\t\t<p>En France, la premi\u00e8re semaine du mois d\u2019octobre est consacr\u00e9e aux personnes \u00e2g\u00e9es et retrait\u00e9es, un public qui souvent n\u00e9cessite une attention particuli\u00e8re. &nbsp;Appel\u00e9e Semaine bleue, ce temps fort a pour objectif de valoriser la place des personnes \u00e2g\u00e9es dans la soci\u00e9t\u00e9. \u00c0 cette occasion, le site de Beauport a organis\u00e9 son \u00e9v\u00e8nement annuel le Festival des chants de cannes autour des s\u00e9niors avec diff\u00e9rentes entr\u00e9es. Ainsi, la pi\u00e8ce de th\u00e9\u00e2tre Floue et le fant\u00f4me de Jarry de Frantz Durizot et le film AL de Christian Lara, entre autres, ont&#8230; <\/p>\n\t\t\t\t<\/div>\n\n\t\t\t\t\n\t\t\t<\/div>\n\n\t\t\n\t\t\t<div id=\"su-post-4984\" class=\"su-post\">\n\n\t\t\t\t\t\t\t\t\t<a class=\"su-post-thumbnail\" href=\"https:\/\/lponordgrandeterre.fr\/?p=4984\"><img width=\"823\" height=\"478\" src=\"https:\/\/lponordgrandeterre.fr\/wp-content\/uploads\/2023\/10\/1.png\" class=\"attachment-post-thumbnail size-post-thumbnail wp-post-image\" alt=\"\" decoding=\"async\" loading=\"lazy\" srcset=\"https:\/\/lponordgrandeterre.fr\/wp-content\/uploads\/2023\/10\/1.png 823w, https:\/\/lponordgrandeterre.fr\/wp-content\/uploads\/2023\/10\/1-300x174.png 300w, https:\/\/lponordgrandeterre.fr\/wp-content\/uploads\/2023\/10\/1-768x446.png 768w\" sizes=\"(max-width: 823px) 100vw, 823px\" \/><\/a>\n\t\t\t\t\n\t\t\t\t<h2 class=\"su-post-title\"><a href=\"https:\/\/lponordgrandeterre.fr\/?p=4984\"><\/a><\/h2>\n\n\t\t\t\t<div class=\"su-post-meta\">\n\t\t\t\t\tPubli\u00e9: 15 octobre 2023\t\t\t\t<\/div>\n\n\t\t\t\t<div class=\"su-post-excerpt\">\n\t\t\t\t\t<p>Mesdames, Messieurs, chers parents , chers \u00e9l\u00e8ves, \u200b Le vendredi 13 octobre 2023, l\u2019\u00c9cole a \u00e9t\u00e9 confront\u00e9e \u00e0 un acte terroriste qui a cout\u00e9 la vie \u00e0 un professeur et a fait trois bless\u00e9s, tous membres de la communaut\u00e9 \u00e9ducative du lyc\u00e9e Gambetta-Carnot \u00e0 Arras dans le d\u00e9partement du Pas-de-Calais. Suite aux directives donn\u00e9es par Monsieur Gabriel ATTAL, Ministre de l&#8217;Education nationale et de la jeunesse et par Madame Christine GANGLOFF-ZIEGLER, Rectrice de r\u00e9gion acad\u00e9mique (voir pi\u00e8ce jointe), Le temps d&#8217;hommage, au lyc\u00e9e Nord Grande-Terre, sera organis\u00e9 le lundi 16&#8230; <\/p>\n\t\t\t\t<\/div>\n\n\t\t\t\t\n\t\t\t<\/div>\n\n\t\t\n\t\t\t<div id=\"su-post-4738\" class=\"su-post\">\n\n\t\t\t\t\n\t\t\t\t<h2 class=\"su-post-title\"><a href=\"https:\/\/lponordgrandeterre.fr\/?p=4738\">Lien de Paiement\/R\u00e9servation\/Restauration<\/a><\/h2>\n\n\t\t\t\t<div class=\"su-post-meta\">\n\t\t\t\t\tPubli\u00e9: 8 septembre 2023\t\t\t\t<\/div>\n\n\t\t\t\t<div class=\"su-post-excerpt\">\n\t\t\t\t\t<p>Bonjour Pour proc\u00e9der au paiement et \u00e0 la r\u00e9servation \u00e0 la restauration, veuillez cliquer sur le lien suivant : https:\/\/aes01625.paiementdp.com<\/p>\n\t\t\t\t<\/div>\n\n\t\t\t\t\n\t\t\t<\/div>\n\n\t\t\n\t\t\t<div id=\"su-post-4429\" class=\"su-post\">\n\n\t\t\t\t\t\t\t\t\t<a class=\"su-post-thumbnail\" href=\"https:\/\/lponordgrandeterre.fr\/?p=4429\"><img width=\"800\" height=\"1132\" src=\"https:\/\/lponordgrandeterre.fr\/wp-content\/uploads\/2023\/05\/Jai-perdu-mon-corps-de-Jeremy-Clapin.jpg\" class=\"attachment-post-thumbnail size-post-thumbnail wp-post-image\" alt=\"\" decoding=\"async\" loading=\"lazy\" srcset=\"https:\/\/lponordgrandeterre.fr\/wp-content\/uploads\/2023\/05\/Jai-perdu-mon-corps-de-Jeremy-Clapin.jpg 800w, https:\/\/lponordgrandeterre.fr\/wp-content\/uploads\/2023\/05\/Jai-perdu-mon-corps-de-Jeremy-Clapin-212x300.jpg 212w, https:\/\/lponordgrandeterre.fr\/wp-content\/uploads\/2023\/05\/Jai-perdu-mon-corps-de-Jeremy-Clapin-724x1024.jpg 724w, https:\/\/lponordgrandeterre.fr\/wp-content\/uploads\/2023\/05\/Jai-perdu-mon-corps-de-Jeremy-Clapin-768x1087.jpg 768w\" sizes=\"(max-width: 800px) 100vw, 800px\" \/><\/a>\n\t\t\t\t\n\t\t\t\t<h2 class=\"su-post-title\"><a href=\"https:\/\/lponordgrandeterre.fr\/?p=4429\">Lyc\u00e9ens au cin\u00e9ma Clap # 2<\/a><\/h2>\n\n\t\t\t\t<div class=\"su-post-meta\">\n\t\t\t\t\tPubli\u00e9: 16 mai 2023\t\t\t\t<\/div>\n\n\t\t\t\t<div class=\"su-post-excerpt\">\n\t\t\t\t\t<p>Dans le cadre du dispositif \u00ab\u00a0Lyc\u00e9ens et apprentis au cin\u00e9ma\u00a0\u00bb quatre classes ont eu l\u2019opportunit\u00e9 de voir J&#8217;ai perdu mon corps au Cinestar. Ce film se d\u00e9roule dans les ann\u00e9es 1990. Il raconte les p\u00e9rip\u00e9ties d&#8217;une main \u00e0 travers la ville \u00e0 la recherche de son corps. Je remercie les accompagnateurs et les organisateurs pour la r\u00e9ussite de cette sortie. Cuirassier S.<\/p>\n\t\t\t\t<\/div>\n\n\t\t\t\t\n\t\t\t<\/div>\n\n\t\t\n\t\t\t<div id=\"su-post-4381\" class=\"su-post\">\n\n\t\t\t\t\n\t\t\t\t<h2 class=\"su-post-title\"><a href=\"https:\/\/lponordgrandeterre.fr\/?p=4381\">#Trash Tag Challenge \u00c9dition 2023<\/a><\/h2>\n\n\t\t\t\t<div class=\"su-post-meta\">\n\t\t\t\t\tPubli\u00e9: 9 mai 2023\t\t\t\t<\/div>\n\n\t\t\t\t<div class=\"su-post-excerpt\">\n\t\t\t\t\t<p>Le 20 Avril s&#8217;est d\u00e9roul\u00e9e l&#8217;\u00e9dition 2023 du Trash Tag Challenge au Lyc\u00e9e Nord Grande Terre Haute Qualit\u00e9 Environnementale. Un grand nettoyage aux abords du Lyc\u00e9e a \u00e9t\u00e9 effectu\u00e9. L&#8217;accueil et l&#8217;encadrement de cette manifestation a \u00e9t\u00e9 assur\u00e9e par les \u00e9l\u00e8ves de 2nde ASSP 1, CAP OL et par la cellule D\u00e9veloppement Durable. La Mairie de Port-Louis, le SINNOVAL et le Service technique du Lyc\u00e9e ont apport\u00e9 \u00e9galement leur contribution. Plusieurs zones ont \u00e9t\u00e9 nettoy\u00e9es \u00e0 fond. La plus grande partie des d\u00e9chets recueillis se trouvait aux alentours de l&#8217;\u00e9tablissement&#8230;. <\/p>\n\t\t\t\t<\/div>\n\n\t\t\t\t\n\t\t\t<\/div>\n\n\t\t\n\t\t\t<div id=\"su-post-4268\" class=\"su-post\">\n\n\t\t\t\t\t\t\t\t\t<a class=\"su-post-thumbnail\" href=\"https:\/\/lponordgrandeterre.fr\/?p=4268\"><img width=\"1654\" height=\"1654\" src=\"https:\/\/lponordgrandeterre.fr\/wp-content\/uploads\/2023\/01\/Noir-Dore-Film-Cinema-Soiree-Invitation.png\" class=\"attachment-post-thumbnail size-post-thumbnail wp-post-image\" alt=\"\" decoding=\"async\" loading=\"lazy\" srcset=\"https:\/\/lponordgrandeterre.fr\/wp-content\/uploads\/2023\/01\/Noir-Dore-Film-Cinema-Soiree-Invitation.png 1654w, https:\/\/lponordgrandeterre.fr\/wp-content\/uploads\/2023\/01\/Noir-Dore-Film-Cinema-Soiree-Invitation-300x300.png 300w, https:\/\/lponordgrandeterre.fr\/wp-content\/uploads\/2023\/01\/Noir-Dore-Film-Cinema-Soiree-Invitation-1024x1024.png 1024w, https:\/\/lponordgrandeterre.fr\/wp-content\/uploads\/2023\/01\/Noir-Dore-Film-Cinema-Soiree-Invitation-150x150.png 150w, https:\/\/lponordgrandeterre.fr\/wp-content\/uploads\/2023\/01\/Noir-Dore-Film-Cinema-Soiree-Invitation-768x768.png 768w, https:\/\/lponordgrandeterre.fr\/wp-content\/uploads\/2023\/01\/Noir-Dore-Film-Cinema-Soiree-Invitation-1536x1536.png 1536w\" sizes=\"(max-width: 1654px) 100vw, 1654px\" \/><\/a>\n\t\t\t\t\n\t\t\t\t<h2 class=\"su-post-title\"><a href=\"https:\/\/lponordgrandeterre.fr\/?p=4268\">Lyc\u00e9ens au cin\u00e9ma \u00ab Clap #1 \u00bb<\/a><\/h2>\n\n\t\t\t\t<div class=\"su-post-meta\">\n\t\t\t\t\tPubli\u00e9: 5 janvier 2023\t\t\t\t<\/div>\n\n\t\t\t\t<div class=\"su-post-excerpt\">\n\t\t\t\t\t<p>Dans le cadre du dispositif \u00ab&nbsp;Lyc\u00e9ens et apprentis au cin\u00e9ma&nbsp;\u00bb cinq classes ont eu l\u2019opportunit\u00e9 de voir Ready player one au Cinestar. Ce film nous a conduit jusqu\u2019en 2045 dans un monde virtuel appel\u00e9 l&#8217;OASIS cr\u00e9\u00e9 par James Halliday. Lorsque ce dernier meurt, il promet son immense fortune \u00e0 la premi\u00e8re personne qui d\u00e9couvre un \u0153uf de P\u00e2ques num\u00e9rique cach\u00e9 dans l&#8217;OASIS. Nous retiendrons que dans cette qu\u00eate, la biblioth\u00e8que \u00e9tait un lieu incontournable, un peu comme le CDI pour les \u00e9l\u00e8ves en besoin d\u2019information. Je remercie les accompagnateurs et&#8230; <\/p>\n\t\t\t\t<\/div>\n\n\t\t\t\t\n\t\t\t<\/div>\n\n\t\t\n\t\t\t<div id=\"su-post-4230\" class=\"su-post\">\n\n\t\t\t\t\t\t\t\t\t<a class=\"su-post-thumbnail\" href=\"https:\/\/lponordgrandeterre.fr\/?p=4230\"><img width=\"1280\" height=\"960\" src=\"https:\/\/lponordgrandeterre.fr\/wp-content\/uploads\/2022\/12\/IMG-20221121-WA0023.jpg\" class=\"attachment-post-thumbnail size-post-thumbnail wp-post-image\" alt=\"\" decoding=\"async\" loading=\"lazy\" srcset=\"https:\/\/lponordgrandeterre.fr\/wp-content\/uploads\/2022\/12\/IMG-20221121-WA0023.jpg 1280w, https:\/\/lponordgrandeterre.fr\/wp-content\/uploads\/2022\/12\/IMG-20221121-WA0023-300x225.jpg 300w, https:\/\/lponordgrandeterre.fr\/wp-content\/uploads\/2022\/12\/IMG-20221121-WA0023-1024x768.jpg 1024w, https:\/\/lponordgrandeterre.fr\/wp-content\/uploads\/2022\/12\/IMG-20221121-WA0023-768x576.jpg 768w\" sizes=\"(max-width: 1280px) 100vw, 1280px\" \/><\/a>\n\t\t\t\t\n\t\t\t\t<h2 class=\"su-post-title\"><a href=\"https:\/\/lponordgrandeterre.fr\/?p=4230\">S\u00e9minaire des \u00e9lus des \u00e9l\u00e8ves du Lyc\u00e9e Nord Grande &#8211; Terre<\/a><\/h2>\n\n\t\t\t\t<div class=\"su-post-meta\">\n\t\t\t\t\tPubli\u00e9: 1 d\u00e9cembre 2022\t\t\t\t<\/div>\n\n\t\t\t\t<div class=\"su-post-excerpt\">\n\t\t\t\t\t<p>Dans le cadre du S\u00e9minaire de l\u2019\u00e9lu organis\u00e9 par l\u2019\u00e9tablissement du LPO Nord Grande Terre le 19 Novembre 2022, les d\u00e9put\u00e9s de Guadeloupe Mr Olivier SERVA ainsi que Mr Christian BAPTISTE ont fait l\u2019honneur de leur pr\u00e9sence afin d\u2019\u00e9changer avec les \u00e9l\u00e8ves \u00e9lus et de participer \u00e0 nos travaux.L\u2019espace culturel Roberl\u00e8ne nous a ouvert ses portes, et le chanteur Matieu WHITE a envoy\u00e9 un message tr\u00e8s motivant \u00e0 destination de nos congressistes. Le but \u00e9tant de former nos \u00e9lus, aux instances de mani\u00e8re efficientes en s\u2019appuyant sur l\u2019axe\u00a0du projet d\u2019\u00e9tablissement&#8230; <\/p>\n\t\t\t\t<\/div>\n\n\t\t\t\t\n\t\t\t<\/div>\n\n\t\t\n\t\t\t<div id=\"su-post-3998\" class=\"su-post\">\n\n\t\t\t\t\t\t\t\t\t<a class=\"su-post-thumbnail\" href=\"https:\/\/lponordgrandeterre.fr\/?p=3998\"><img width=\"1920\" height=\"1080\" src=\"https:\/\/lponordgrandeterre.fr\/wp-content\/uploads\/2022\/07\/Theatre.png\" class=\"attachment-post-thumbnail size-post-thumbnail wp-post-image\" alt=\"\" decoding=\"async\" loading=\"lazy\" srcset=\"https:\/\/lponordgrandeterre.fr\/wp-content\/uploads\/2022\/07\/Theatre.png 1920w, https:\/\/lponordgrandeterre.fr\/wp-content\/uploads\/2022\/07\/Theatre-300x169.png 300w, https:\/\/lponordgrandeterre.fr\/wp-content\/uploads\/2022\/07\/Theatre-1024x576.png 1024w, https:\/\/lponordgrandeterre.fr\/wp-content\/uploads\/2022\/07\/Theatre-768x432.png 768w, https:\/\/lponordgrandeterre.fr\/wp-content\/uploads\/2022\/07\/Theatre-1536x864.png 1536w\" sizes=\"(max-width: 1920px) 100vw, 1920px\" \/><\/a>\n\t\t\t\t\n\t\t\t\t<h2 class=\"su-post-title\"><a href=\"https:\/\/lponordgrandeterre.fr\/?p=3998\">Pour les 400 ans de Moli\u00e8re, les secondes du Lyc\u00e9e Nord Grande-Terre ont fait grande impression !<\/a><\/h2>\n\n\t\t\t\t<div class=\"su-post-meta\">\n\t\t\t\t\tPubli\u00e9: 12 juillet 2022\t\t\t\t<\/div>\n\n\t\t\t\t<div class=\"su-post-excerpt\">\n\t\t\t\t\t<p>Eh oui&nbsp;!&nbsp; Cette ann\u00e9e, Moli\u00e8re aurait eu 400 ans. Quatre cent ans, cela se f\u00eate, cela s\u2019\u00e9crit, cela se joue&nbsp;! Les Editions Flammarion, ont donc d\u00e9cid\u00e9 de c\u00e9l\u00e9brer les 400 ans de la naissance du c\u00e9l\u00e8bre dramaturge fran\u00e7ais, Moli\u00e8re, en proposant trois concours. Dans L\u2019Ecole des maris (1661), nous pouvons lire : \u00ab&nbsp;Il nous faut en riant instruire la jeunesse.&nbsp;\u00bb Nous avons donc pris cette invitation au pied de la lettre en participant au concours n\u00b02. Ce concours consistait en la cr\u00e9ation et en l\u2019interpr\u00e9tation d\u2019une sayn\u00e8te autour d\u2019une probl\u00e9matique&#8230; <\/p>\n\t\t\t\t<\/div>\n\n\t\t\t\t\n\t\t\t<\/div>\n\n\t\t\n\t\n<\/div>\n\n","protected":false},"excerpt":{"rendered":"","protected":false},"author":4,"featured_media":0,"parent":100,"menu_order":3,"comment_status":"closed","ping_status":"closed","template":"template-right-sidebar.php","meta":[],"_links":{"self":[{"href":"https:\/\/lponordgrandeterre.fr\/index.php?rest_route=\/wp\/v2\/pages\/104"}],"collection":[{"href":"https:\/\/lponordgrandeterre.fr\/index.php?rest_route=\/wp\/v2\/pages"}],"about":[{"href":"https:\/\/lponordgrandeterre.fr\/index.php?rest_route=\/wp\/v2\/types\/page"}],"author":[{"embeddable":true,"href":"https:\/\/lponordgrandeterre.fr\/index.php?rest_route=\/wp\/v2\/users\/4"}],"replies":[{"embeddable":true,"href":"https:\/\/lponordgrandeterre.fr\/index.php?rest_route=%2Fwp%2Fv2%2Fcomments&post=104"}],"version-history":[{"count":3,"href":"https:\/\/lponordgrandeterre.fr\/index.php?rest_route=\/wp\/v2\/pages\/104\/revisions"}],"predecessor-version":[{"id":424,"href":"https:\/\/lponordgrandeterre.fr\/index.php?rest_route=\/wp\/v2\/pages\/104\/revisions\/424"}],"up":[{"embeddable":true,"href":"https:\/\/lponordgrandeterre.fr\/index.php?rest_route=\/wp\/v2\/pages\/100"}],"wp:attachment":[{"href":"https:\/\/lponordgrandeterre.fr\/index.php?rest_route=%2Fwp%2Fv2%2Fmedia&parent=104"}],"curies":[{"name":"wp","href":"https:\/\/api.w.org\/{rel}","templated":true}]}}