{"id":107,"date":"2017-04-06T20:13:27","date_gmt":"2017-04-06T18:13:27","guid":{"rendered":"http:\/\/lponordgrandeterre.fr\/?page_id=107"},"modified":"2022-07-19T05:47:14","modified_gmt":"2022-07-19T03:47:14","slug":"nos-formations","status":"publish","type":"page","link":"https:\/\/lponordgrandeterre.fr\/?page_id=107","title":{"rendered":"Formations"},"content":{"rendered":"<h5 class=\"entry-title\"><a href=\"http:\/\/lponordgrandeterre.fr\/?page_id=110\">SECTIONS G\u00c9N\u00c9RALES ET TECHNOLOGIQUES<\/a><\/h5>\n<h5 class=\"entry-title\"><a href=\"http:\/\/lponordgrandeterre.fr\/?page_id=112\">SECTIONS PROFESSIONNELLES<\/a><\/h5>\n<h5 class=\"entry-title\"><a href=\"http:\/\/lponordgrandeterre.fr\/?page_id=114\">POST-BAC<\/a><\/h5>\n<h5 class=\"entry-title\"><a href=\"http:\/\/lponordgrandeterre.fr\/?page_id=116\">AUTRES<\/a><\/h5>\n<h5 class=\"entry-title\"><a href=\"http:\/\/lponordgrandeterre.fr\/?page_id=118\">R\u00c9SULTATS DES EXAMENS<\/a><\/h5>\n<p>FORMATIONS PROFESSIONNELLES<a href=\"http:\/\/lponordgrandeterre.fr\/?p=2451\">http:\/\/lponordgrandeterre.fr\/?p=2451<\/a><\/p>\n<p>&nbsp;<\/p>\n<p>&nbsp;<\/p>\n<p>&nbsp;<\/p>\n","protected":false},"excerpt":{"rendered":"<p>SECTIONS G\u00c9N\u00c9RALES ET TECHNOLOGIQUES SECTIONS PROFESSIONNELLES POST-BAC AUTRES R\u00c9SULTATS DES EXAMENS FORMATIONS PROFESSIONNELLEShttp:\/\/lponordgrandeterre.fr\/?p=2451 &nbsp; &nbsp; &nbsp;<\/p>\n","protected":false},"author":4,"featured_media":0,"parent":0,"menu_order":2,"comment_status":"closed","ping_status":"closed","template":"template-right-sidebar.php","meta":[],"_links":{"self":[{"href":"https:\/\/lponordgrandeterre.fr\/index.php?rest_route=\/wp\/v2\/pages\/107"}],"collection":[{"href":"https:\/\/lponordgrandeterre.fr\/index.php?rest_route=\/wp\/v2\/pages"}],"about":[{"href":"https:\/\/lponordgrandeterre.fr\/index.php?rest_route=\/wp\/v2\/types\/page"}],"author":[{"embeddable":true,"href":"https:\/\/lponordgrandeterre.fr\/index.php?rest_route=\/wp\/v2\/users\/4"}],"replies":[{"embeddable":true,"href":"https:\/\/lponordgrandeterre.fr\/index.php?rest_route=%2Fwp%2Fv2%2Fcomments&post=107"}],"version-history":[{"count":6,"href":"https:\/\/lponordgrandeterre.fr\/index.php?rest_route=\/wp\/v2\/pages\/107\/revisions"}],"predecessor-version":[{"id":5087,"href":"https:\/\/lponordgrandeterre.fr\/index.php?rest_route=\/wp\/v2\/pages\/107\/revisions\/5087"}],"wp:attachment":[{"href":"https:\/\/lponordgrandeterre.fr\/index.php?rest_route=%2Fwp%2Fv2%2Fmedia&parent=107"}],"curies":[{"name":"wp","href":"https:\/\/api.w.org\/{rel}","templated":true}]}}