{"id":118,"date":"2017-04-06T20:20:09","date_gmt":"2017-04-06T18:20:09","guid":{"rendered":"http:\/\/lponordgrandeterre.fr\/?page_id=118"},"modified":"2022-11-11T07:45:54","modified_gmt":"2022-11-11T06:45:54","slug":"resultats-des-examens","status":"publish","type":"page","link":"https:\/\/lponordgrandeterre.fr\/?page_id=118","title":{"rendered":"Examens &#038; certifications"},"content":{"rendered":"\n<p>F\u00e9licitations aux laur\u00e9ats de la promo 2020 &#8211; 2021.<\/p>\n\n\n\n\n<div class=\"su-posts su-posts-default-loop\">\n\n\t\n\t\t\n\t\t\t<div id=\"su-post-4592\" class=\"su-post\">\n\n\t\t\t\t\t\t\t\t\t<a class=\"su-post-thumbnail\" href=\"https:\/\/lponordgrandeterre.fr\/?p=4592\"><img width=\"573\" height=\"358\" src=\"https:\/\/lponordgrandeterre.fr\/wp-content\/uploads\/2023\/03\/logo-ifas-2-2.jpg\" class=\"attachment-post-thumbnail size-post-thumbnail wp-post-image\" alt=\"\" decoding=\"async\" loading=\"lazy\" srcset=\"https:\/\/lponordgrandeterre.fr\/wp-content\/uploads\/2023\/03\/logo-ifas-2-2.jpg 573w, https:\/\/lponordgrandeterre.fr\/wp-content\/uploads\/2023\/03\/logo-ifas-2-2-300x187.jpg 300w\" sizes=\"(max-width: 573px) 100vw, 573px\" \/><\/a>\n\t\t\t\t\n\t\t\t\t<h2 class=\"su-post-title\"><a href=\"https:\/\/lponordgrandeterre.fr\/?p=4592\">Liste des candidats admis au dipl\u00f4me d&#8217;\u00e9tat d&#8217;Aide-soignant &#8211; Session du 27 Juillet 2023<\/a><\/h2>\n\n\t\t\t\t<div class=\"su-post-meta\">\n\t\t\t\t\tPubli\u00e9: 31 juillet 2023\t\t\t\t<\/div>\n\n\t\t\t\t<div class=\"su-post-excerpt\">\n\t\t\t\t\t\t\t\t\t<\/div>\n\n\t\t\t\t\n\t\t\t<\/div>\n\n\t\t\n\t\t\t<div id=\"su-post-4583\" class=\"su-post\">\n\n\t\t\t\t\t\t\t\t\t<a class=\"su-post-thumbnail\" href=\"https:\/\/lponordgrandeterre.fr\/?p=4583\"><img width=\"573\" height=\"358\" src=\"https:\/\/lponordgrandeterre.fr\/wp-content\/uploads\/2023\/03\/logo-ifas-2-2.jpg\" class=\"attachment-post-thumbnail size-post-thumbnail wp-post-image\" alt=\"\" decoding=\"async\" loading=\"lazy\" srcset=\"https:\/\/lponordgrandeterre.fr\/wp-content\/uploads\/2023\/03\/logo-ifas-2-2.jpg 573w, https:\/\/lponordgrandeterre.fr\/wp-content\/uploads\/2023\/03\/logo-ifas-2-2-300x187.jpg 300w\" sizes=\"(max-width: 573px) 100vw, 573px\" \/><\/a>\n\t\t\t\t\n\t\t\t\t<h2 class=\"su-post-title\"><a href=\"https:\/\/lponordgrandeterre.fr\/?p=4583\">Liste des admis \u00e0 la s\u00e9lection pour l&#8217;entr\u00e9e en IFAS  Session 2023-2024<\/a><\/h2>\n\n\t\t\t\t<div class=\"su-post-meta\">\n\t\t\t\t\tPubli\u00e9: 5 juillet 2023\t\t\t\t<\/div>\n\n\t\t\t\t<div class=\"su-post-excerpt\">\n\t\t\t\t\t<p>Ici se trouve la liste principale des candidats admis en formation initiale La liste suivante est la liste compl\u00e9mentaire des candidats admis en formation initiale<\/p>\n\t\t\t\t<\/div>\n\n\t\t\t\t\n\t\t\t<\/div>\n\n\t\t\n\t\t\t<div id=\"su-post-4571\" class=\"su-post\">\n\n\t\t\t\t\n\t\t\t\t<h2 class=\"su-post-title\"><a href=\"https:\/\/lponordgrandeterre.fr\/?p=4571\">Liste des candidats admis au dipl\u00f4me d&#8217;\u00c9tat d&#8217;Aide-Soignant de la Session 2023<\/a><\/h2>\n\n\t\t\t\t<div class=\"su-post-meta\">\n\t\t\t\t\tPubli\u00e9: 3 juillet 2023\t\t\t\t<\/div>\n\n\t\t\t\t<div class=\"su-post-excerpt\">\n\t\t\t\t\t\t\t\t\t<\/div>\n\n\t\t\t\t\n\t\t\t<\/div>\n\n\t\t\n\t\t\t<div id=\"su-post-4180\" class=\"su-post\">\n\n\t\t\t\t\n\t\t\t\t<h2 class=\"su-post-title\"><a href=\"https:\/\/lponordgrandeterre.fr\/?p=4180\">Les dates-cl\u00e9s de l&#8217;ann\u00e9e de Terminale<\/a><\/h2>\n\n\t\t\t\t<div class=\"su-post-meta\">\n\t\t\t\t\tPubli\u00e9: 9 novembre 2022\t\t\t\t<\/div>\n\n\t\t\t\t<div class=\"su-post-excerpt\">\n\t\t\t\t\t<p>Destin\u00e9 \u00e0 tous les \u00e9l\u00e8ves de T\u00b0G, T\u00b0ST2S et de T\u00b0PRO, le calendrier de l&#8217;ann\u00e9e de Terminale r\u00e9sum\u00e9 en format vid\u00e9o : toutes les dates et toutes les \u00e9tapes en 1 minute. A vos agendas !<\/p>\n\t\t\t\t<\/div>\n\n\t\t\t\t\n\t\t\t<\/div>\n\n\t\t\n\t\t\t<div id=\"su-post-4103\" class=\"su-post\">\n\n\t\t\t\t\t\t\t\t\t<a class=\"su-post-thumbnail\" href=\"https:\/\/lponordgrandeterre.fr\/?p=4103\"><img width=\"573\" height=\"358\" src=\"https:\/\/lponordgrandeterre.fr\/wp-content\/uploads\/2021\/01\/logo-ifas-2.jpg\" class=\"attachment-post-thumbnail size-post-thumbnail wp-post-image\" alt=\"\" decoding=\"async\" loading=\"lazy\" srcset=\"https:\/\/lponordgrandeterre.fr\/wp-content\/uploads\/2021\/01\/logo-ifas-2.jpg 573w, https:\/\/lponordgrandeterre.fr\/wp-content\/uploads\/2021\/01\/logo-ifas-2-300x187.jpg 300w\" sizes=\"(max-width: 573px) 100vw, 573px\" \/><\/a>\n\t\t\t\t\n\t\t\t\t<h2 class=\"su-post-title\"><a href=\"https:\/\/lponordgrandeterre.fr\/?p=4103\">LA LISTE DES CANDIDATS ADMIS AU DIPL\u00d4ME D&#8217;AIDE SOIGNANT-SESSION JUILLET 2022<\/a><\/h2>\n\n\t\t\t\t<div class=\"su-post-meta\">\n\t\t\t\t\tPubli\u00e9: 9 septembre 2022\t\t\t\t<\/div>\n\n\t\t\t\t<div class=\"su-post-excerpt\">\n\t\t\t\t\t\t\t\t\t<\/div>\n\n\t\t\t\t\n\t\t\t<\/div>\n\n\t\t\n\t\t\t<div id=\"su-post-4013\" class=\"su-post\">\n\n\t\t\t\t\t\t\t\t\t<a class=\"su-post-thumbnail\" href=\"https:\/\/lponordgrandeterre.fr\/?p=4013\"><img width=\"768\" height=\"1024\" src=\"https:\/\/lponordgrandeterre.fr\/wp-content\/uploads\/2022\/07\/Sofia-AMIMI.jpg\" class=\"attachment-post-thumbnail size-post-thumbnail wp-post-image\" alt=\"\" decoding=\"async\" loading=\"lazy\" srcset=\"https:\/\/lponordgrandeterre.fr\/wp-content\/uploads\/2022\/07\/Sofia-AMIMI.jpg 768w, https:\/\/lponordgrandeterre.fr\/wp-content\/uploads\/2022\/07\/Sofia-AMIMI-225x300.jpg 225w\" sizes=\"(max-width: 768px) 100vw, 768px\" \/><\/a>\n\t\t\t\t\n\t\t\t\t<h2 class=\"su-post-title\"><a href=\"https:\/\/lponordgrandeterre.fr\/?p=4013\">Sofia AMIMI, une laur\u00e9ate du baccalaur\u00e9at g\u00e9n\u00e9ral mise \u00e0 l\u2019honneur<\/a><\/h2>\n\n\t\t\t\t<div class=\"su-post-meta\">\n\t\t\t\t\tPubli\u00e9: 16 juillet 2022\t\t\t\t<\/div>\n\n\t\t\t\t<div class=\"su-post-excerpt\">\n\t\t\t\t\t<p>Le prix du m\u00e9rite et le prix sp\u00e9cial du Pr\u00e9sident du conseil r\u00e9gional 2022 r\u00e9compensent Sofia AMIMI tant pour les r\u00e9sultats obtenus \u00e0 l\u2019examen que pour la volont\u00e9 de r\u00e9ussir qui l\u2019anime. Excellente continuation \u00e0 elle&nbsp;!<\/p>\n\t\t\t\t<\/div>\n\n\t\t\t\t\n\t\t\t<\/div>\n\n\t\t\n\t\t\t<div id=\"su-post-4010\" class=\"su-post\">\n\n\t\t\t\t\t\t\t\t\t<a class=\"su-post-thumbnail\" href=\"https:\/\/lponordgrandeterre.fr\/?p=4010\"><img width=\"768\" height=\"1024\" src=\"https:\/\/lponordgrandeterre.fr\/wp-content\/uploads\/2022\/07\/Laura-MATIGNON.jpg\" class=\"attachment-post-thumbnail size-post-thumbnail wp-post-image\" alt=\"\" decoding=\"async\" loading=\"lazy\" srcset=\"https:\/\/lponordgrandeterre.fr\/wp-content\/uploads\/2022\/07\/Laura-MATIGNON.jpg 768w, https:\/\/lponordgrandeterre.fr\/wp-content\/uploads\/2022\/07\/Laura-MATIGNON-225x300.jpg 225w\" sizes=\"(max-width: 768px) 100vw, 768px\" \/><\/a>\n\t\t\t\t\n\t\t\t\t<h2 class=\"su-post-title\"><a href=\"https:\/\/lponordgrandeterre.fr\/?p=4010\">Laura MATIGNON, laur\u00e9ate du baccalaur\u00e9at professionnel fili\u00e8re logistique distingu\u00e9e pour l\u2019excellence de son parcours<\/a><\/h2>\n\n\t\t\t\t<div class=\"su-post-meta\">\n\t\t\t\t\tPubli\u00e9: 16 juillet 2022\t\t\t\t<\/div>\n\n\t\t\t\t<div class=\"su-post-excerpt\">\n\t\t\t\t\t<p>Pour ses r\u00e9sultats obtenus \u00e0 l\u2019examen, Laura MATIGNON a \u00e9t\u00e9 r\u00e9compens\u00e9e du prix du meilleur bachelier du conseil d\u00e9partemental ainsi que du prix des meilleurs bacheliers professionnels. F\u00e9licitations \u00e0 elle&nbsp;: sa r\u00e9ussite met en lumi\u00e8re le champ professionnel qu\u2019elle a choisi.<\/p>\n\t\t\t\t<\/div>\n\n\t\t\t\t\n\t\t\t<\/div>\n\n\t\t\n\t\t\t<div id=\"su-post-3702\" class=\"su-post\">\n\n\t\t\t\t\t\t\t\t\t<a class=\"su-post-thumbnail\" href=\"https:\/\/lponordgrandeterre.fr\/?p=3702\"><img width=\"570\" height=\"430\" src=\"https:\/\/lponordgrandeterre.fr\/wp-content\/uploads\/2022\/05\/diplome-2021.jpg\" class=\"attachment-post-thumbnail size-post-thumbnail wp-post-image\" alt=\"\" decoding=\"async\" loading=\"lazy\" srcset=\"https:\/\/lponordgrandeterre.fr\/wp-content\/uploads\/2022\/05\/diplome-2021.jpg 570w, https:\/\/lponordgrandeterre.fr\/wp-content\/uploads\/2022\/05\/diplome-2021-300x226.jpg 300w\" sizes=\"(max-width: 570px) 100vw, 570px\" \/><\/a>\n\t\t\t\t\n\t\t\t\t<h2 class=\"su-post-title\"><a href=\"https:\/\/lponordgrandeterre.fr\/?p=3702\">R\u00e9sultats 2020 &#8211; 2021<\/a><\/h2>\n\n\t\t\t\t<div class=\"su-post-meta\">\n\t\t\t\t\tPubli\u00e9: 16 ao\u00fbt 2021\t\t\t\t<\/div>\n\n\t\t\t\t<div class=\"su-post-excerpt\">\n\t\t\t\t\t<p>F\u00e9licitations \u00e0 la promotion 2020-2021!<\/p>\n\t\t\t\t<\/div>\n\n\t\t\t\t\n\t\t\t<\/div>\n\n\t\t\n\t\t\t<div id=\"su-post-3174\" class=\"su-post\">\n\n\t\t\t\t\t\t\t\t\t<a class=\"su-post-thumbnail\" href=\"https:\/\/lponordgrandeterre.fr\/?p=3174\"><img width=\"1024\" height=\"768\" src=\"https:\/\/lponordgrandeterre.fr\/wp-content\/uploads\/2021\/07\/EE36F251-638F-4FAB-834A-5FAF32552555.jpeg\" class=\"attachment-post-thumbnail size-post-thumbnail wp-post-image\" alt=\"\" decoding=\"async\" loading=\"lazy\" srcset=\"https:\/\/lponordgrandeterre.fr\/wp-content\/uploads\/2021\/07\/EE36F251-638F-4FAB-834A-5FAF32552555.jpeg 1024w, https:\/\/lponordgrandeterre.fr\/wp-content\/uploads\/2021\/07\/EE36F251-638F-4FAB-834A-5FAF32552555-300x225.jpeg 300w, https:\/\/lponordgrandeterre.fr\/wp-content\/uploads\/2021\/07\/EE36F251-638F-4FAB-834A-5FAF32552555-768x576.jpeg 768w\" sizes=\"(max-width: 1024px) 100vw, 1024px\" \/><\/a>\n\t\t\t\t\n\t\t\t\t<h2 class=\"su-post-title\"><a href=\"https:\/\/lponordgrandeterre.fr\/?p=3174\">Prix du conseil regional aux bacheliers m\u00e9ritants session 2021<\/a><\/h2>\n\n\t\t\t\t<div class=\"su-post-meta\">\n\t\t\t\t\tPubli\u00e9: 16 juillet 2021\t\t\t\t<\/div>\n\n\t\t\t\t<div class=\"su-post-excerpt\">\n\t\t\t\t\t<p>MALEZIEU Ro\u00ebna (Baccalaur\u00e9at&nbsp; Esth\u00e9tique) etSOUKAI Sivani, (Baccalaur\u00e9at g\u00e9n\u00e9ral)ont \u00e9t\u00e9 mises \u00e0 l&#8217;honneur par le Pr\u00e9sident du Conseil R\u00e9gional. Ce prix du Conseil R\u00e9gional vise \u00e0 reconna\u00eetre&nbsp; un brillant parcours scolaire et une belle r\u00e9ussite pour des \u00e9l\u00e8ves m\u00e9ritants.F\u00e9licitations \u00e0 Ro\u00ebna et \u00e0 Sivani.<\/p>\n\t\t\t\t<\/div>\n\n\t\t\t\t\n\t\t\t<\/div>\n\n\t\t\n\t\t\t<div id=\"su-post-3163\" class=\"su-post\">\n\n\t\t\t\t\t\t\t\t\t<a class=\"su-post-thumbnail\" href=\"https:\/\/lponordgrandeterre.fr\/?p=3163\"><img width=\"573\" height=\"358\" src=\"https:\/\/lponordgrandeterre.fr\/wp-content\/uploads\/2021\/01\/logo-ifas-2.jpg\" class=\"attachment-post-thumbnail size-post-thumbnail wp-post-image\" alt=\"\" decoding=\"async\" loading=\"lazy\" srcset=\"https:\/\/lponordgrandeterre.fr\/wp-content\/uploads\/2021\/01\/logo-ifas-2.jpg 573w, https:\/\/lponordgrandeterre.fr\/wp-content\/uploads\/2021\/01\/logo-ifas-2-300x187.jpg 300w\" sizes=\"(max-width: 573px) 100vw, 573px\" \/><\/a>\n\t\t\t\t\n\t\t\t\t<h2 class=\"su-post-title\"><a href=\"https:\/\/lponordgrandeterre.fr\/?p=3163\">R\u00e9sultats &#8211; dipl\u00f4me d&#8217;\u00e9tat d&#8217;aide soignant , candidats admis session juin 2021<\/a><\/h2>\n\n\t\t\t\t<div class=\"su-post-meta\">\n\t\t\t\t\tPubli\u00e9: 7 juillet 2021\t\t\t\t<\/div>\n\n\t\t\t\t<div class=\"su-post-excerpt\">\n\t\t\t\t\t\t\t\t\t<\/div>\n\n\t\t\t\t\n\t\t\t<\/div>\n\n\t\t\n\t\n<\/div>\n","protected":false},"excerpt":{"rendered":"<p>F\u00e9licitations aux laur\u00e9ats de la promo 2020 &#8211; 2021.<\/p>\n","protected":false},"author":4,"featured_media":0,"parent":107,"menu_order":5,"comment_status":"closed","ping_status":"closed","template":"template-right-sidebar.php","meta":[],"_links":{"self":[{"href":"https:\/\/lponordgrandeterre.fr\/index.php?rest_route=\/wp\/v2\/pages\/118"}],"collection":[{"href":"https:\/\/lponordgrandeterre.fr\/index.php?rest_route=\/wp\/v2\/pages"}],"about":[{"href":"https:\/\/lponordgrandeterre.fr\/index.php?rest_route=\/wp\/v2\/types\/page"}],"author":[{"embeddable":true,"href":"https:\/\/lponordgrandeterre.fr\/index.php?rest_route=\/wp\/v2\/users\/4"}],"replies":[{"embeddable":true,"href":"https:\/\/lponordgrandeterre.fr\/index.php?rest_route=%2Fwp%2Fv2%2Fcomments&post=118"}],"version-history":[{"count":7,"href":"https:\/\/lponordgrandeterre.fr\/index.php?rest_route=\/wp\/v2\/pages\/118\/revisions"}],"predecessor-version":[{"id":4217,"href":"https:\/\/lponordgrandeterre.fr\/index.php?rest_route=\/wp\/v2\/pages\/118\/revisions\/4217"}],"up":[{"embeddable":true,"href":"https:\/\/lponordgrandeterre.fr\/index.php?rest_route=\/wp\/v2\/pages\/107"}],"wp:attachment":[{"href":"https:\/\/lponordgrandeterre.fr\/index.php?rest_route=%2Fwp%2Fv2%2Fmedia&parent=118"}],"curies":[{"name":"wp","href":"https:\/\/api.w.org\/{rel}","templated":true}]}}