{"id":122,"date":"2017-04-06T20:21:22","date_gmt":"2017-04-06T18:21:22","guid":{"rendered":"http:\/\/lponordgrandeterre.fr\/?page_id=122"},"modified":"2019-11-08T16:14:38","modified_gmt":"2019-11-08T15:14:38","slug":"erasmus","status":"publish","type":"page","link":"https:\/\/lponordgrandeterre.fr\/?page_id=122","title":{"rendered":"ERASMUS+"},"content":{"rendered":"<h4>Charte Erasmus de l&#8217;enseignement sup\u00e9rieur 2014-2020<a href=\"http:\/\/lponordgrandeterre.fr\/wp-content\/uploads\/2017\/04\/CHARTE_ERASMUS_001-2.jpg\" target=\"_blank\" rel=\"noopener noreferrer\"><img decoding=\"async\" loading=\"lazy\" class=\"alignnone wp-image-363 size-full\" src=\"http:\/\/lponordgrandeterre.fr\/wp-content\/uploads\/2017\/04\/CHARTE_ERASMUS_001-2.jpg\" alt=\"\" width=\"3510\" height=\"2550\" srcset=\"https:\/\/lponordgrandeterre.fr\/wp-content\/uploads\/2017\/04\/CHARTE_ERASMUS_001-2.jpg 3510w, https:\/\/lponordgrandeterre.fr\/wp-content\/uploads\/2017\/04\/CHARTE_ERASMUS_001-2-300x218.jpg 300w, https:\/\/lponordgrandeterre.fr\/wp-content\/uploads\/2017\/04\/CHARTE_ERASMUS_001-2-768x558.jpg 768w, https:\/\/lponordgrandeterre.fr\/wp-content\/uploads\/2017\/04\/CHARTE_ERASMUS_001-2-1024x744.jpg 1024w\" sizes=\"(max-width: 3510px) 100vw, 3510px\" \/><\/a><\/h4>\n<p><em>(cliquez sur l&#8217;image pour agrandir)<\/em><\/p>\n<p>&nbsp;<\/p>\n<p><a href=\"http:\/\/lponordgrandeterre.fr\/wp-content\/uploads\/2017\/04\/Diaporama-\u00e9tudiants-ERASMUS-2016-2017.pdf\">Diaporama \u00e9tudiants ERASMUS 2016 &#8211; 2017<\/a><\/p>\n<p><a href=\"http:\/\/lponordgrandeterre.fr\/wp-content\/uploads\/2017\/04\/Erasmus-days-2018.pdf\" target=\"_blank\" rel=\"noopener noreferrer\">Erasmus days 2018<\/a><\/p>\n<p><a href=\"http:\/\/lponordgrandeterre.fr\/wp-content\/uploads\/2017\/04\/Contrat-dengagement-\u00e9tudiants-2018.pdf\">Contrat d&#8217;engagement \u00e9tudiants 2018<\/a><\/p>\n<p>Pr\u00e9sentation Erasmus 2018 \u00e9tudiants<\/p>\n<p>&nbsp;<\/p>\n<h5>MOBILITE INTERNATIONAL :<\/h5>\n<p><a href=\"http:\/\/lponordgrandeterre.fr\/wp-content\/uploads\/2017\/04\/Contrat-mobilite\u0301-formation-personnel-2019-2.pdf\" target=\"_blank\" rel=\"noopener noreferrer\">Contrat mobilite\u0301 formation personnel 2019<\/a><\/p>\n<p>&nbsp;<\/p>\n<h5>BTS ESF :<\/h5>\n<p><a href=\"http:\/\/lponordgrandeterre.fr\/wp-content\/uploads\/2017\/04\/Plaquette-BTS-ESF-1.pdf\" target=\"_blank\" rel=\"noopener noreferrer\">Plaquette BTS ESF<\/a><\/p>\n<p><a href=\"http:\/\/lponordgrandeterre.fr\/wp-content\/uploads\/2017\/04\/D\u00e9pliant-BTS-ESF-anglais.pdf\" target=\"_blank\" rel=\"noopener noreferrer\">D\u00e9pliant BTS ESF (anglais)<\/a><\/p>\n<p><a href=\"http:\/\/lponordgrandeterre.fr\/wp-content\/uploads\/2017\/04\/D\u00e9pliant-BTS-ESF-espagnol.pdf\" target=\"_blank\" rel=\"noopener noreferrer\">D\u00e9pliant BTS ESF (espagnol)<\/a><\/p>\n<p><a href=\"http:\/\/lponordgrandeterre.fr\/wp-content\/uploads\/2017\/04\/Livret-ESF-version-anglaise.pdf\" target=\"_blank\" rel=\"noopener noreferrer\">Livret ESF\u00a0 (anglaise<\/a>)<\/p>\n<p><a href=\"http:\/\/lponordgrandeterre.fr\/wp-content\/uploads\/2017\/04\/BTS-2-ESF-Programa-Oficial-2019Espagnol-M.pdf\">Programa Oficial 2019(Espagnol)<\/a><\/p>\n<p><a href=\"http:\/\/lponordgrandeterre.fr\/wp-content\/uploads\/2017\/04\/Programme-anglais-BTS-ESF.pdf\">Programme anglais BTS ESF<\/a><\/p>\n<p><a href=\"http:\/\/lponordgrandeterre.fr\/wp-content\/uploads\/2017\/04\/Programme-RH-et-gestion-budg\u00e9taire-S3-BTS-ESF.pdf\">Programme RH et gestion budg\u00e9taire S3 BTS ESF<\/a><\/p>\n<p><a href=\"http:\/\/lponordgrandeterre.fr\/wp-content\/uploads\/2017\/04\/Programme-Habitat-Logement-BTS-ESF2.pdf\">Programme Habitat-Logement BTS ESF2<\/a><\/p>\n<p><a href=\"http:\/\/lponordgrandeterre.fr\/wp-content\/uploads\/2017\/04\/Programme-SAH-BTS-ESF.pdf\">Programme SAH BTS ESF<\/a><\/p>\n<p>&nbsp;<\/p>\n<h5>BTS MECP :<\/h5>\n<p><a href=\"http:\/\/lponordgrandeterre.fr\/wp-content\/uploads\/2017\/04\/Plaquette-BTS-MECP-1.pdf\" target=\"_blank\" rel=\"noopener noreferrer\">Plaquette BTS MECP<\/a><\/p>\n<p><a href=\"http:\/\/lponordgrandeterre.fr\/wp-content\/uploads\/2017\/04\/Plaquette-BTS-MECP-espagnol.pdf\" target=\"_blank\" rel=\"noopener noreferrer\">Plaquette BTS MECP (espagnol)<\/a><\/p>\n<p><a href=\"http:\/\/lponordgrandeterre.fr\/wp-content\/uploads\/2017\/04\/BTS_metiers_esthetique_cosmetique_parfumerie1.pdf\" target=\"_blank\" rel=\"noopener noreferrer\">BTS_metiers_esthetique_cosmetique_parfumerie<\/a><\/p>\n<p>&nbsp;<\/p>\n<h5>BTS SP3S :<\/h5>\n<p><a href=\"http:\/\/lponordgrandeterre.fr\/wp-content\/uploads\/2017\/04\/Plaquette-BTS-SP3S-1.pdf\" target=\"_blank\" rel=\"noopener noreferrer\">Plaquette BTS SP3S<\/a><\/p>\n<p><a href=\"http:\/\/lponordgrandeterre.fr\/wp-content\/uploads\/2017\/04\/BTS_ServPresSectSanitaireSocial.pdf\" target=\"_blank\" rel=\"noopener noreferrer\">BTS_ServPresSectSanitaireSocial<\/a><\/p>\n<p><a href=\"http:\/\/lponordgrandeterre.fr\/wp-content\/uploads\/2017\/04\/Livret-de-stage-BTS-SP3S-en-anglais.pdf\" target=\"_blank\" rel=\"noopener noreferrer\">Livret de stage BTS SP3S\u00a0 (anglais<\/a>)<\/p>\n<p>&nbsp;<\/p>\n<h5>BTS TRANSPORT :<\/h5>\n<p><a href=\"http:\/\/lponordgrandeterre.fr\/wp-content\/uploads\/2017\/04\/Plaquette-BTS-Transport-1.pdf\" target=\"_blank\" rel=\"noopener noreferrer\">Plaquette BTS Transport<\/a><\/p>\n<p>&nbsp;<\/p>\n<h5>BTS TPL :<\/h5>\n<p><a href=\"http:\/\/lponordgrandeterre.fr\/wp-content\/uploads\/2017\/04\/BTS_TransportPrestationsLogistiques.pdf\" target=\"_blank\" rel=\"noopener noreferrer\">BTS_TransportPrestationsLogistiques<\/a><\/p>\n<p><a href=\"http:\/\/lponordgrandeterre.fr\/wp-content\/uploads\/2017\/04\/plaquette-BTS-TPL-anglais.pdf\" target=\"_blank\" rel=\"noopener noreferrer\">plaquette BTS TPL (anglais)<\/a><\/p>\n<p>&nbsp;<\/p>\n<h5>DOCUMENTS :<\/h5>\n<p><a href=\"http:\/\/lponordgrandeterre.fr\/wp-content\/uploads\/2017\/04\/Fiche-action-projet-stages-en-Europe.pdf\" target=\"_blank\" rel=\"noopener noreferrer\">Fiche action projet stages en Europe<\/a><\/p>\n<p><a href=\"http:\/\/lponordgrandeterre.fr\/wp-content\/uploads\/2017\/04\/guide-du-candidat-eacea-eche-102015-1.pdf\" target=\"_blank\" rel=\"noopener noreferrer\">Guide du candidat eacea eche 10\/2015<\/a><\/p>\n<p><a href=\"http:\/\/lponordgrandeterre.fr\/wp-content\/uploads\/2017\/04\/Guide-pratique-ECTS.pdf\" target=\"_blank\" rel=\"noopener noreferrer\">Guide pratique ECTS<\/a><\/p>\n<p>&nbsp;<\/p>\n<p><a href=\"http:\/\/lponordgrandeterre.fr\/wp-content\/uploads\/2017\/04\/EUROPASS-en-fran\u00e7ais-2019.pdf\" target=\"_blank\" rel=\"noopener noreferrer\">EUROPASS en fran\u00e7ais 2019<\/a><\/p>\n<p><a href=\"http:\/\/lponordgrandeterre.fr\/wp-content\/uploads\/2017\/04\/EUROPASS-en-anglais-2019.pdf\" target=\"_blank\" rel=\"noopener noreferrer\">EUROPASS en anglais 2019<\/a><\/p>\n<p><a href=\"http:\/\/lponordgrandeterre.fr\/wp-content\/uploads\/2017\/04\/Contrat-mobilit\u00e9-\u00e9tudiant-2019-5.pdf\">Contrat mobilit\u00e9 \u00e9tudiant 2019<\/a><\/p>\n<p><a href=\"http:\/\/lponordgrandeterre.fr\/wp-content\/uploads\/2017\/04\/contrat-formation-pe\u0301dagogique-personnel-2019.pdf\" target=\"_blank\" rel=\"noopener noreferrer\">contrat formation pe\u0301dagogique personnel 2019<\/a><\/p>\n<p><a href=\"http:\/\/lponordgrandeterre.fr\/wp-content\/uploads\/2017\/04\/Contrat-p\u00e9dagogique-2019-1.pdf\">Contrat p\u00e9dagogique 2019<\/a><\/p>\n<p><a href=\"http:\/\/lponordgrandeterre.fr\/wp-content\/uploads\/2017\/04\/Fiche-action-Erasmus-2017-site-LPO.pdf\" target=\"_blank\" rel=\"noopener noreferrer\">Fiche action Erasmus 2017 site LPO<\/a><\/p>\n<p><a href=\"http:\/\/lponordgrandeterre.fr\/wp-content\/uploads\/2017\/04\/Supple\u0301ment-au-dipl\u00f4me.pdf\" target=\"_blank\" rel=\"noopener noreferrer\">Supple\u0301ment au dipl\u00f4me<\/a><\/p>\n<p><a href=\"http:\/\/lponordgrandeterre.fr\/wp-content\/uploads\/2017\/04\/Placement-agreement-2019-2.pdf\">Placement agreement 2019<\/a><\/p>\n<p>&nbsp;<\/p>\n<p>&nbsp;<\/p>\n<p>&nbsp;<\/p>\n<p>&nbsp;<\/p>\n<p>&nbsp;<\/p>\n<p>&nbsp;<\/p>\n<p>&nbsp;<\/p>\n<p>&nbsp;<\/p>\n<p>&nbsp;<\/p>\n<h5><\/h5>\n","protected":false},"excerpt":{"rendered":"<p>Charte Erasmus de l&#8217;enseignement sup\u00e9rieur 2014-2020 (cliquez sur l&#8217;image pour agrandir) &nbsp; Diaporama \u00e9tudiants ERASMUS 2016 &#8211; 2017 Erasmus days 2018 Contrat d&#8217;engagement \u00e9tudiants 2018 Pr\u00e9sentation Erasmus 2018 \u00e9tudiants &nbsp; MOBILITE INTERNATIONAL : Contrat mobilite\u0301 formation personnel 2019 &nbsp; BTS ESF : Plaquette BTS ESF D\u00e9pliant BTS ESF (anglais) D\u00e9pliant BTS ESF (espagnol) Livret ESF\u00a0 (anglaise) Programa Oficial 2019(Espagnol) Programme anglais BTS ESF Programme RH et gestion budg\u00e9taire S3 BTS ESF Programme Habitat-Logement BTS ESF2 Programme SAH BTS ESF &nbsp; BTS MECP : Plaquette BTS MECP Plaquette BTS MECP (espagnol)&#8230; <\/p>\n","protected":false},"author":4,"featured_media":0,"parent":120,"menu_order":1,"comment_status":"closed","ping_status":"closed","template":"template-right-sidebar.php","meta":[],"_links":{"self":[{"href":"https:\/\/lponordgrandeterre.fr\/index.php?rest_route=\/wp\/v2\/pages\/122"}],"collection":[{"href":"https:\/\/lponordgrandeterre.fr\/index.php?rest_route=\/wp\/v2\/pages"}],"about":[{"href":"https:\/\/lponordgrandeterre.fr\/index.php?rest_route=\/wp\/v2\/types\/page"}],"author":[{"embeddable":true,"href":"https:\/\/lponordgrandeterre.fr\/index.php?rest_route=\/wp\/v2\/users\/4"}],"replies":[{"embeddable":true,"href":"https:\/\/lponordgrandeterre.fr\/index.php?rest_route=%2Fwp%2Fv2%2Fcomments&post=122"}],"version-history":[{"count":35,"href":"https:\/\/lponordgrandeterre.fr\/index.php?rest_route=\/wp\/v2\/pages\/122\/revisions"}],"predecessor-version":[{"id":1945,"href":"https:\/\/lponordgrandeterre.fr\/index.php?rest_route=\/wp\/v2\/pages\/122\/revisions\/1945"}],"up":[{"embeddable":true,"href":"https:\/\/lponordgrandeterre.fr\/index.php?rest_route=\/wp\/v2\/pages\/120"}],"wp:attachment":[{"href":"https:\/\/lponordgrandeterre.fr\/index.php?rest_route=%2Fwp%2Fv2%2Fmedia&parent=122"}],"curies":[{"name":"wp","href":"https:\/\/api.w.org\/{rel}","templated":true}]}}