{"id":124,"date":"2017-04-06T20:21:51","date_gmt":"2017-04-06T18:21:51","guid":{"rendered":"http:\/\/lponordgrandeterre.fr\/?page_id=124"},"modified":"2017-04-26T17:52:53","modified_gmt":"2017-04-26T15:52:53","slug":"nos-voyages","status":"publish","type":"page","link":"https:\/\/lponordgrandeterre.fr\/?page_id=124","title":{"rendered":"Nos Voyages"},"content":{"rendered":"\n\n<div class=\"su-posts su-posts-default-loop\">\n\n\t\n\t\t\n\t\t\t<div id=\"su-post-1392\" class=\"su-post\">\n\n\t\t\t\t\t\t\t\t\t<a class=\"su-post-thumbnail\" href=\"https:\/\/lponordgrandeterre.fr\/?p=1392\"><img width=\"298\" height=\"230\" src=\"https:\/\/lponordgrandeterre.fr\/wp-content\/uploads\/2018\/11\/miniature-erasmus2018.jpg\" class=\"attachment-post-thumbnail size-post-thumbnail wp-post-image\" alt=\"\" decoding=\"async\" loading=\"lazy\" \/><\/a>\n\t\t\t\t\n\t\t\t\t<h2 class=\"su-post-title\"><a href=\"https:\/\/lponordgrandeterre.fr\/?p=1392\">S\u00e9lection des \u00e9tudiant pour le voyage ERASMUS \u00e0 dublin 2018<\/a><\/h2>\n\n\t\t\t\t<div class=\"su-post-meta\">\n\t\t\t\t\tPubli\u00e9: 13 novembre 2018\t\t\t\t<\/div>\n\n\t\t\t\t<div class=\"su-post-excerpt\">\n\t\t\t\t\t<p>Pour la troisi\u00e8me ann\u00e9e cons\u00e9cutive, le Lyc\u00e9e Polyvalent Nord Grande-Terre vient de s\u00e9lectionner 10 \u00e9tudiants de BTS pour effectuer leur P\u00e9riode de Formation en Milieu Professionnel \u00e0 DUBLIN du 06 mai au 06 juillet 2019. Les 10 \u00e9lus sont : Fanny-Laure BALLE Mathilde BURGEY Jessica DECORDE Djilian FAUCHERY Marie-Emmanuelle JEAN Charlotte LEMONNYER-CAVIGNAC Sandy MAVOUNZI Emma PRAUCA Keyshia SOUFFRON Lyndsay TOLA Les crit\u00e8res de s\u00e9lection retenus ont \u00e9t\u00e9 la motivation, le niveau d\u2019anglais, la capacit\u00e9 d\u2019adaptation et d\u2019autonomie, le projet professionnel. Ces \u00e9tudiants ont \u00e9t\u00e9\u00a0 choisis parmi les 4 fili\u00e8res de&#8230; <\/p>\n\t\t\t\t<\/div>\n\n\t\t\t\t\n\t\t\t<\/div>\n\n\t\t\n\t\t\t<div id=\"su-post-1184\" class=\"su-post\">\n\n\t\t\t\t\t\t\t\t\t<a class=\"su-post-thumbnail\" href=\"https:\/\/lponordgrandeterre.fr\/?p=1184\"><img width=\"298\" height=\"230\" src=\"https:\/\/lponordgrandeterre.fr\/wp-content\/uploads\/2018\/05\/miniature_dublin3.jpg\" class=\"attachment-post-thumbnail size-post-thumbnail wp-post-image\" alt=\"\" decoding=\"async\" loading=\"lazy\" \/><\/a>\n\t\t\t\t\n\t\t\t\t<h2 class=\"su-post-title\"><a href=\"https:\/\/lponordgrandeterre.fr\/?p=1184\">Dix \u00e9tudiants de BTS du LPO Nord Grande-Terre en stage \u00e0 Dublin<\/a><\/h2>\n\n\t\t\t\t<div class=\"su-post-meta\">\n\t\t\t\t\tPubli\u00e9: 22 mai 2018\t\t\t\t<\/div>\n\n\t\t\t\t<div class=\"su-post-excerpt\">\n\t\t\t\t\t<p>&nbsp; &nbsp; &nbsp; &nbsp; &nbsp; &nbsp; &nbsp; \u00a0 \u00a0 \u00a0 \u00a0 \u00a0 \u00a0\u00a0 Depuis maintenant quinze jours, dix \u00e9tudiants de premi\u00e8re ann\u00e9e de BTS Economie Sociale Familiale (ESF), BTS M\u00e9tiers de l\u2019Esth\u00e9tique, de la Cosm\u00e9tique et de la Parfumerie (MECP) et de BTS Services et Prestations dans le Secteur Sanitaire et Social (SP3S) du Lyc\u00e9e Polyvalent Nord Grande-Terre sont \u00e0 Dublin, en Irlande, pour effectuer une p\u00e9riode de formation en entreprise de 2 mois. Ce s\u00e9jour professionnel est mis en place gr\u00e2ce au programme ERASMUS+ qui permet \u00e0 tous les&#8230; <\/p>\n\t\t\t\t<\/div>\n\n\t\t\t\t\n\t\t\t<\/div>\n\n\t\t\n\t\t\t<div id=\"su-post-897\" class=\"su-post\">\n\n\t\t\t\t\t\t\t\t\t<a class=\"su-post-thumbnail\" href=\"https:\/\/lponordgrandeterre.fr\/?p=897\"><img width=\"298\" height=\"230\" src=\"https:\/\/lponordgrandeterre.fr\/wp-content\/uploads\/2017\/10\/miniature.jpg\" class=\"attachment-post-thumbnail size-post-thumbnail wp-post-image\" alt=\"\" decoding=\"async\" loading=\"lazy\" \/><\/a>\n\t\t\t\t\n\t\t\t\t<h2 class=\"su-post-title\"><a href=\"https:\/\/lponordgrandeterre.fr\/?p=897\">ERASMUS DAYS au LPO Nord Grande Terre<\/a><\/h2>\n\n\t\t\t\t<div class=\"su-post-meta\">\n\t\t\t\t\tPubli\u00e9: 18 octobre 2017\t\t\t\t<\/div>\n\n\t\t\t\t<div class=\"su-post-excerpt\">\n\t\t\t\t\t<p>ERASMUS DAYS\u00a0 LYCEE POLYVALENT NORD GRANDE-TERRE VENDREDI 13 OCTOBRE 2017 &nbsp; &nbsp; &nbsp; &nbsp; &nbsp; &nbsp; &nbsp; Pr\u00e9sentation ERASMUS+ enseignantes &nbsp;<\/p>\n\t\t\t\t<\/div>\n\n\t\t\t\t\n\t\t\t<\/div>\n\n\t\t\n\t\t\t<div id=\"su-post-868\" class=\"su-post\">\n\n\t\t\t\t\t\t\t\t\t<a class=\"su-post-thumbnail\" href=\"https:\/\/lponordgrandeterre.fr\/?p=868\"><img width=\"298\" height=\"230\" src=\"https:\/\/lponordgrandeterre.fr\/wp-content\/uploads\/2017\/10\/miniature_ERAS.jpg\" class=\"attachment-post-thumbnail size-post-thumbnail wp-post-image\" alt=\"\" decoding=\"async\" loading=\"lazy\" \/><\/a>\n\t\t\t\t\n\t\t\t\t<h2 class=\"su-post-title\"><a href=\"https:\/\/lponordgrandeterre.fr\/?p=868\">ERASMUSDAYS Vendredi 13 octobre<\/a><\/h2>\n\n\t\t\t\t<div class=\"su-post-meta\">\n\t\t\t\t\tPubli\u00e9: 6 octobre 2017\t\t\t\t<\/div>\n\n\t\t\t\t<div class=\"su-post-excerpt\">\n\t\t\t\t\t<p>Le Lyc\u00e9e Polyvalent NORD GRANDE-TERRE de PORT-LOUIS ouvre ses portes, le Vendredi 13\u00a0octobre 2017, de 8h30 \u00e0 15h30, \u00e0 toutes les personnes qui souhaitent mieux conna\u00eetre les mobilit\u00e9s formation propos\u00e9es par l\u2019Europe. A l\u2019occasion des ERASMUS DAYS, les \u00e9tudiants de BTS et les enseignantes qui ont b\u00e9n\u00e9fici\u00e9 d\u2019une mobilit\u00e9 de stage \u00e0 l\u2019\u00e9tranger, dans le cadre de la charte ERASMUS+, t\u00e9moigneront et partageront avec vous de leur exp\u00e9rience unique \u00e0 Dublin en mai\/juin 2017. N\u2019h\u00e9sitez pas \u00e0 venir les rencontrer\u00a0! &nbsp; &nbsp;<\/p>\n\t\t\t\t<\/div>\n\n\t\t\t\t\n\t\t\t<\/div>\n\n\t\t\n\t\t\t<div id=\"su-post-711\" class=\"su-post\">\n\n\t\t\t\t\t\t\t\t\t<a class=\"su-post-thumbnail\" href=\"https:\/\/lponordgrandeterre.fr\/?p=711\"><img width=\"907\" height=\"515\" src=\"https:\/\/lponordgrandeterre.fr\/wp-content\/uploads\/2017\/06\/erasmus-lpo-dublin-1.jpg\" class=\"attachment-post-thumbnail size-post-thumbnail wp-post-image\" alt=\"\" decoding=\"async\" loading=\"lazy\" srcset=\"https:\/\/lponordgrandeterre.fr\/wp-content\/uploads\/2017\/06\/erasmus-lpo-dublin-1.jpg 907w, https:\/\/lponordgrandeterre.fr\/wp-content\/uploads\/2017\/06\/erasmus-lpo-dublin-1-300x170.jpg 300w, https:\/\/lponordgrandeterre.fr\/wp-content\/uploads\/2017\/06\/erasmus-lpo-dublin-1-768x436.jpg 768w\" sizes=\"(max-width: 907px) 100vw, 907px\" \/><\/a>\n\t\t\t\t\n\t\t\t\t<h2 class=\"su-post-title\"><a href=\"https:\/\/lponordgrandeterre.fr\/?p=711\">La mobilit\u00e9 ERASMUS + au LPO Nord Grande-Terre : c\u2019est parti !!!<\/a><\/h2>\n\n\t\t\t\t<div class=\"su-post-meta\">\n\t\t\t\t\tPubli\u00e9: 29 juin 2017\t\t\t\t<\/div>\n\n\t\t\t\t<div class=\"su-post-excerpt\">\n\t\t\t\t\t<p>Par les coordonnatrices du projet ERASMUS + : Florence ZAMORA-REUGE &amp; Marie-Laetitia GAWLOWICZ &nbsp; Titulaire de la CHARTE ERASMUS + depuis novembre 2015, les premiers b\u00e9n\u00e9ficiaires d\u2019une mobilit\u00e9 ERASMUS + du Lyc\u00e9e Polyvalent Nord GrandeTerre viennent de s\u2019envoler pour Dublin. Au programme, une mobilit\u00e9 de stage pour 10 \u00e9tudiants en BTS et une mobilit\u00e9 formation pour les deux coordonnatrices du projet. &nbsp; Des stages professionnels de 9 semaines ont \u00e9t\u00e9 trouv\u00e9s gr\u00e2ce \u00e0 un prestataire de services, CEI work, travel &amp; study, dans les diff\u00e9rents secteurs professionnels des \u00e9tudiants :&#8230; <\/p>\n\t\t\t\t<\/div>\n\n\t\t\t\t\n\t\t\t<\/div>\n\n\t\t\n\t\t\t<div id=\"su-post-697\" class=\"su-post\">\n\n\t\t\t\t\t\t\t\t\t<a class=\"su-post-thumbnail\" href=\"https:\/\/lponordgrandeterre.fr\/?p=697\"><img width=\"653\" height=\"218\" src=\"https:\/\/lponordgrandeterre.fr\/wp-content\/uploads\/2017\/06\/erasmusplus-e1498752001596.jpg\" class=\"attachment-post-thumbnail size-post-thumbnail wp-post-image\" alt=\"\" decoding=\"async\" loading=\"lazy\" \/><\/a>\n\t\t\t\t\n\t\t\t\t<h2 class=\"su-post-title\"><a href=\"https:\/\/lponordgrandeterre.fr\/?p=697\">10 \u00e9tudiants s\u00e9lectionn\u00e9s pour partir \u00e0 Dublin !<\/a><\/h2>\n\n\t\t\t\t<div class=\"su-post-meta\">\n\t\t\t\t\tPubli\u00e9: 29 juin 2017\t\t\t\t<\/div>\n\n\t\t\t\t<div class=\"su-post-excerpt\">\n\t\t\t\t\t<p>&nbsp; &nbsp; &nbsp; &nbsp; &nbsp; &nbsp; &nbsp; &nbsp; &nbsp; &nbsp; &nbsp; &nbsp; &nbsp; Le Lyc\u00e9e Polyvalent Nord Grande-Terre, titulaire de la CHARTE ERASMUS + depuis novembre 2015, vient de s\u00e9lectionner ses premiers \u00e9tudiants de BTS qui auront la chance d\u2019effectuer leur P\u00e9riode de Formation en Milieu Professionnel \u00e0 DUBLIN du 28 avril 2017 au 24 juin 2017. Les 10 \u00e9lus sont\u00a0: Wesley ANDREOPA, Laury ARNAUD, Marvin CHARLES, Natacha FLAUZIN, Johan HIRA, Estelle KENGO, Nathan PERON, Rachelle TORIN, Agn\u00e8s ULYSSE, Jade WITVOET Les crit\u00e8res de s\u00e9lection retenus ont \u00e9t\u00e9\u00a0: La motivation,&#8230; <\/p>\n\t\t\t\t<\/div>\n\n\t\t\t\t\n\t\t\t<\/div>\n\n\t\t\n\t\t\t<div id=\"su-post-240\" class=\"su-post\">\n\n\t\t\t\t\t\t\t\t\t<a class=\"su-post-thumbnail\" href=\"https:\/\/lponordgrandeterre.fr\/?p=240\"><img width=\"291\" height=\"218\" src=\"https:\/\/lponordgrandeterre.fr\/wp-content\/uploads\/2017\/04\/IMG_8742-e1493220620347.jpg\" class=\"attachment-post-thumbnail size-post-thumbnail wp-post-image\" alt=\"\" decoding=\"async\" loading=\"lazy\" \/><\/a>\n\t\t\t\t\n\t\t\t\t<h2 class=\"su-post-title\"><a href=\"https:\/\/lponordgrandeterre.fr\/?p=240\">BTS MECP en voyage a New York<\/a><\/h2>\n\n\t\t\t\t<div class=\"su-post-meta\">\n\t\t\t\t\tPubli\u00e9: 26 avril 2017\t\t\t\t<\/div>\n\n\t\t\t\t<div class=\"su-post-excerpt\">\n\t\t\t\t\t<p>Dans le cadre du programme du BTS MECP option formation-Marques, les \u00e9tudiantes de 2\u00e8me ann\u00e9e du LPO Nord Grande Terre Guadeloupe, encadr\u00e9es par leur professeur Marie-Laetitia Gawlowicz, ont men\u00e9 \u00e0 bien un projet professionnel linguistique et culturel\u00a0: un s\u00e9jour p\u00e9dagogique d\u2019une semaine \u00e0 Manhattan New York afin d\u2019assister \u00e0 l\u2019International Makeup Artist Trade Show, o\u00f9 \u00e9taient pr\u00e9sents de nombreuses marques et maquilleurs reconnus dans le monde professionnel. Les \u00e9tudiantes ont planifi\u00e9 et organis\u00e9 ce projet de A \u00e0 Z ce qui leur a permis de d\u00e9velopper un esprit d\u2019\u00e9quipe, la&#8230; <\/p>\n\t\t\t\t<\/div>\n\n\t\t\t\t\n\t\t\t<\/div>\n\n\t\t\n\t\n<\/div>\n\n","protected":false},"excerpt":{"rendered":"","protected":false},"author":4,"featured_media":0,"parent":120,"menu_order":2,"comment_status":"closed","ping_status":"closed","template":"template-right-sidebar.php","meta":[],"_links":{"self":[{"href":"https:\/\/lponordgrandeterre.fr\/index.php?rest_route=\/wp\/v2\/pages\/124"}],"collection":[{"href":"https:\/\/lponordgrandeterre.fr\/index.php?rest_route=\/wp\/v2\/pages"}],"about":[{"href":"https:\/\/lponordgrandeterre.fr\/index.php?rest_route=\/wp\/v2\/types\/page"}],"author":[{"embeddable":true,"href":"https:\/\/lponordgrandeterre.fr\/index.php?rest_route=\/wp\/v2\/users\/4"}],"replies":[{"embeddable":true,"href":"https:\/\/lponordgrandeterre.fr\/index.php?rest_route=%2Fwp%2Fv2%2Fcomments&post=124"}],"version-history":[{"count":2,"href":"https:\/\/lponordgrandeterre.fr\/index.php?rest_route=\/wp\/v2\/pages\/124\/revisions"}],"predecessor-version":[{"id":253,"href":"https:\/\/lponordgrandeterre.fr\/index.php?rest_route=\/wp\/v2\/pages\/124\/revisions\/253"}],"up":[{"embeddable":true,"href":"https:\/\/lponordgrandeterre.fr\/index.php?rest_route=\/wp\/v2\/pages\/120"}],"wp:attachment":[{"href":"https:\/\/lponordgrandeterre.fr\/index.php?rest_route=%2Fwp%2Fv2%2Fmedia&parent=124"}],"curies":[{"name":"wp","href":"https:\/\/api.w.org\/{rel}","templated":true}]}}