{"id":1438,"date":"2018-12-06T12:18:54","date_gmt":"2018-12-06T11:18:54","guid":{"rendered":"http:\/\/lponordgrandeterre.fr\/?page_id=1438"},"modified":"2018-12-12T17:40:24","modified_gmt":"2018-12-12T16:40:24","slug":"le-jounale-du-lycee","status":"publish","type":"page","link":"https:\/\/lponordgrandeterre.fr\/?page_id=1438","title":{"rendered":"Le jounal du lyc\u00e9e"},"content":{"rendered":"<p>Nous sommes heureux de vous annoncer que cette ann\u00e9e notre lyc\u00e9e \u00e0 son propre journal du nom de : <strong>\u00ab Les p\u2019tits lyc\u00e9ens \u00bb du LPO Nord Grande-Terre. <\/strong><br \/>\nL\u2019\u00e9uipe de \u00e9dactio, coodo\u00e9e pa le pofesseu docuetaliste, Mosieu Sylvestre se compose de : AMORT Leejoys (TST2S), ABENON Chlo\u00e9 (TES), BORICAUD Leticia (TES), DUNOYER Ma\u00ebnis (TL), YOUSSOUF Jeffrey (TL), CEPHACE Coraline (TES), CLODION K\u00e9my (TES), CHANTELOUP Alexandra (TES) FEDOR Mezina (TES), PEROUMAL Alisson(TL), MIOLARD Loridana (TL)MARIN Samuelle(TES), LEGRAND Guillaume(TL), PARASSOUAMIN GayTES\u2026<br \/>\n<strong>Nous vous invitons \u00e0 nous contacter, si vous avez des sujets d\u2019actualit\u00e9 \u00e0 nous proposer et nous esp\u00e9rons que vous serez nombreux \u00e0 le lire\u2026 <\/strong><br \/>\n<strong>L\u2019\u00e9uipe de r\u00e9daction<\/strong><\/p>\n<p><img decoding=\"async\" loading=\"lazy\" class=\"size-large wp-image-1439 aligncenter\" src=\"http:\/\/lponordgrandeterre.fr\/wp-content\/uploads\/2018\/12\/DSC_4609_flout\u00e9-1024x692.jpg\" alt=\"\" width=\"1024\" height=\"692\" srcset=\"https:\/\/lponordgrandeterre.fr\/wp-content\/uploads\/2018\/12\/DSC_4609_flout\u00e9-1024x692.jpg 1024w, https:\/\/lponordgrandeterre.fr\/wp-content\/uploads\/2018\/12\/DSC_4609_flout\u00e9-300x203.jpg 300w, https:\/\/lponordgrandeterre.fr\/wp-content\/uploads\/2018\/12\/DSC_4609_flout\u00e9-768x519.jpg 768w\" sizes=\"(max-width: 1024px) 100vw, 1024px\" \/><\/p>\n<p>&nbsp;<\/p>\n<h5>ARTICLES :<\/h5>\n\n\n<div class=\"su-posts su-posts-default-loop\">\n\n\t\t\t<h4>Articles non trouv\u00e9s<\/h4>\n\t\n<\/div>\n\n","protected":false},"excerpt":{"rendered":"<p>Nous sommes heureux de vous annoncer que cette ann\u00e9e notre lyc\u00e9e \u00e0 son propre journal du nom de : \u00ab Les p\u2019tits lyc\u00e9ens \u00bb du LPO Nord Grande-Terre. L\u2019\u00e9uipe de \u00e9dactio, coodo\u00e9e pa le pofesseu docuetaliste, Mosieu Sylvestre se compose de : AMORT Leejoys (TST2S), ABENON Chlo\u00e9 (TES), BORICAUD Leticia (TES), DUNOYER Ma\u00ebnis (TL), YOUSSOUF Jeffrey (TL), CEPHACE Coraline (TES), CLODION K\u00e9my (TES), CHANTELOUP Alexandra (TES) FEDOR Mezina (TES), PEROUMAL Alisson(TL), MIOLARD Loridana (TL)MARIN Samuelle(TES), LEGRAND Guillaume(TL), PARASSOUAMIN GayTES\u2026 Nous vous invitons \u00e0 nous contacter, si vous avez des sujets&#8230; <\/p>\n","protected":false},"author":4,"featured_media":0,"parent":305,"menu_order":0,"comment_status":"closed","ping_status":"closed","template":"","meta":[],"_links":{"self":[{"href":"https:\/\/lponordgrandeterre.fr\/index.php?rest_route=\/wp\/v2\/pages\/1438"}],"collection":[{"href":"https:\/\/lponordgrandeterre.fr\/index.php?rest_route=\/wp\/v2\/pages"}],"about":[{"href":"https:\/\/lponordgrandeterre.fr\/index.php?rest_route=\/wp\/v2\/types\/page"}],"author":[{"embeddable":true,"href":"https:\/\/lponordgrandeterre.fr\/index.php?rest_route=\/wp\/v2\/users\/4"}],"replies":[{"embeddable":true,"href":"https:\/\/lponordgrandeterre.fr\/index.php?rest_route=%2Fwp%2Fv2%2Fcomments&post=1438"}],"version-history":[{"count":3,"href":"https:\/\/lponordgrandeterre.fr\/index.php?rest_route=\/wp\/v2\/pages\/1438\/revisions"}],"predecessor-version":[{"id":1449,"href":"https:\/\/lponordgrandeterre.fr\/index.php?rest_route=\/wp\/v2\/pages\/1438\/revisions\/1449"}],"up":[{"embeddable":true,"href":"https:\/\/lponordgrandeterre.fr\/index.php?rest_route=\/wp\/v2\/pages\/305"}],"wp:attachment":[{"href":"https:\/\/lponordgrandeterre.fr\/index.php?rest_route=%2Fwp%2Fv2%2Fmedia&parent=1438"}],"curies":[{"name":"wp","href":"https:\/\/api.w.org\/{rel}","templated":true}]}}