{"id":2133,"date":"2020-02-11T17:30:18","date_gmt":"2020-02-11T16:30:18","guid":{"rendered":"http:\/\/lponordgrandeterre.fr\/?page_id=2133"},"modified":"2023-10-26T15:55:46","modified_gmt":"2023-10-26T13:55:46","slug":"ifas","status":"publish","type":"page","link":"https:\/\/lponordgrandeterre.fr\/?page_id=2133","title":{"rendered":"IFAS"},"content":{"rendered":"<p>Presentation de l&#8217;IFAS<br><div class=\"su-youtube su-u-responsive-media-yes\"><iframe width=\"600\" height=\"400\" src=\"https:\/\/www.youtube.com\/embed\/yA1en1YnOGU?\" frameborder=\"0\" allowfullscreen allow=\"autoplay; encrypted-media; picture-in-picture\" title=\"\"><\/iframe><\/div>\n<p><\/p>\n\n\n<div class=\"su-posts su-posts-default-loop\">\n\n\t\t\t<h4>Articles non trouv\u00e9s<\/h4>\n\t\n<\/div>\n\n\n<ul class=\"wp-block-latest-posts__list is-grid columns-3 wp-block-latest-posts\"><li><a class=\"wp-block-latest-posts__post-title\" href=\"https:\/\/lponordgrandeterre.fr\/?p=5752\">Des nouvelles du CDI<\/a><\/li>\n<li><a class=\"wp-block-latest-posts__post-title\" href=\"https:\/\/lponordgrandeterre.fr\/?p=5532\">TRASH TAG CHALLENGE<\/a><\/li>\n<li><a class=\"wp-block-latest-posts__post-title\" href=\"https:\/\/lponordgrandeterre.fr\/?p=5497\">Pr\u00e9vention du harc\u00e8lement \u00e0 l&#8217;Ecole<\/a><\/li>\n<li><a class=\"wp-block-latest-posts__post-title\" href=\"https:\/\/lponordgrandeterre.fr\/?p=4109\">1. 2. 3. Positionnement !<\/a><\/li>\n<li><a class=\"wp-block-latest-posts__post-title\" href=\"https:\/\/lponordgrandeterre.fr\/?p=5414\">Tenue vestimentaire r\u00e8glementaire<\/a><\/li>\n<\/ul>\n\n\n<pre class=\"wp-block-preformatted\"><\/pre>\n","protected":false},"excerpt":{"rendered":"<p>Presentation de l&#8217;IFAS<\/p>\n","protected":false},"author":4,"featured_media":0,"parent":107,"menu_order":2,"comment_status":"closed","ping_status":"closed","template":"","meta":[],"_links":{"self":[{"href":"https:\/\/lponordgrandeterre.fr\/index.php?rest_route=\/wp\/v2\/pages\/2133"}],"collection":[{"href":"https:\/\/lponordgrandeterre.fr\/index.php?rest_route=\/wp\/v2\/pages"}],"about":[{"href":"https:\/\/lponordgrandeterre.fr\/index.php?rest_route=\/wp\/v2\/types\/page"}],"author":[{"embeddable":true,"href":"https:\/\/lponordgrandeterre.fr\/index.php?rest_route=\/wp\/v2\/users\/4"}],"replies":[{"embeddable":true,"href":"https:\/\/lponordgrandeterre.fr\/index.php?rest_route=%2Fwp%2Fv2%2Fcomments&post=2133"}],"version-history":[{"count":6,"href":"https:\/\/lponordgrandeterre.fr\/index.php?rest_route=\/wp\/v2\/pages\/2133\/revisions"}],"predecessor-version":[{"id":5044,"href":"https:\/\/lponordgrandeterre.fr\/index.php?rest_route=\/wp\/v2\/pages\/2133\/revisions\/5044"}],"up":[{"embeddable":true,"href":"https:\/\/lponordgrandeterre.fr\/index.php?rest_route=\/wp\/v2\/pages\/107"}],"wp:attachment":[{"href":"https:\/\/lponordgrandeterre.fr\/index.php?rest_route=%2Fwp%2Fv2%2Fmedia&parent=2133"}],"curies":[{"name":"wp","href":"https:\/\/api.w.org\/{rel}","templated":true}]}}