{"id":2156,"date":"2020-03-09T21:33:41","date_gmt":"2020-03-09T20:33:41","guid":{"rendered":"http:\/\/lponordgrandeterre.fr\/?page_id=2156"},"modified":"2022-07-21T04:17:44","modified_gmt":"2022-07-21T02:17:44","slug":"aides-daction-logement","status":"publish","type":"page","link":"https:\/\/lponordgrandeterre.fr\/?page_id=2156","title":{"rendered":"Aides \u00e0 la scolarit\u00e9"},"content":{"rendered":"\n\n<div class=\"su-posts su-posts-default-loop\">\n\n\t\n\t\t\n\t\t\t<div id=\"su-post-3921\" class=\"su-post\">\n\n\t\t\t\t\t\t\t\t\t<a class=\"su-post-thumbnail\" href=\"https:\/\/lponordgrandeterre.fr\/?p=3921\"><img width=\"466\" height=\"466\" src=\"https:\/\/lponordgrandeterre.fr\/wp-content\/uploads\/2022\/06\/logo_ie-466-x-466.png\" class=\"attachment-post-thumbnail size-post-thumbnail wp-post-image\" alt=\"\" decoding=\"async\" loading=\"lazy\" srcset=\"https:\/\/lponordgrandeterre.fr\/wp-content\/uploads\/2022\/06\/logo_ie-466-x-466.png 466w, https:\/\/lponordgrandeterre.fr\/wp-content\/uploads\/2022\/06\/logo_ie-466-x-466-300x300.png 300w, https:\/\/lponordgrandeterre.fr\/wp-content\/uploads\/2022\/06\/logo_ie-466-x-466-150x150.png 150w\" sizes=\"(max-width: 466px) 100vw, 466px\" \/><\/a>\n\t\t\t\t\n\t\t\t\t<h2 class=\"su-post-title\"><a href=\"https:\/\/lponordgrandeterre.fr\/?p=3921\">Internat d&#8217;Excellence<\/a><\/h2>\n\n\t\t\t\t<div class=\"su-post-meta\">\n\t\t\t\t\tPubli\u00e9: 20 juin 2022\t\t\t\t<\/div>\n\n\t\t\t\t<div class=\"su-post-excerpt\">\n\t\t\t\t\t<p>Pr\u00e9sentation de l&#8217;Internat d&#8217;Excellence du LPO Nord Grande-Terre.<\/p>\n\t\t\t\t<\/div>\n\n\t\t\t\t\n\t\t\t<\/div>\n\n\t\t\n\t\t\t<div id=\"su-post-2313\" class=\"su-post\">\n\n\t\t\t\t\t\t\t\t\t<a class=\"su-post-thumbnail\" href=\"https:\/\/lponordgrandeterre.fr\/?p=2313\"><img width=\"822\" height=\"430\" src=\"https:\/\/lponordgrandeterre.fr\/wp-content\/uploads\/2020\/06\/bourses-2021-840x430.png\" class=\"attachment-post-thumbnail size-post-thumbnail wp-post-image\" alt=\"\" decoding=\"async\" loading=\"lazy\" srcset=\"https:\/\/lponordgrandeterre.fr\/wp-content\/uploads\/2020\/06\/bourses-2021-840x430.png 822w, https:\/\/lponordgrandeterre.fr\/wp-content\/uploads\/2020\/06\/bourses-2021-840x430-300x157.png 300w, https:\/\/lponordgrandeterre.fr\/wp-content\/uploads\/2020\/06\/bourses-2021-840x430-768x402.png 768w\" sizes=\"(max-width: 822px) 100vw, 822px\" \/><\/a>\n\t\t\t\t\n\t\t\t\t<h2 class=\"su-post-title\"><a href=\"https:\/\/lponordgrandeterre.fr\/?p=2313\">AVIS AUX NON BOURSIERS<\/a><\/h2>\n\n\t\t\t\t<div class=\"su-post-meta\">\n\t\t\t\t\tPubli\u00e9: 23 juin 2020\t\t\t\t<\/div>\n\n\t\t\t\t<div class=\"su-post-excerpt\">\n\t\t\t\t\t<p>&nbsp; CE MESSAGE S&#8217;ADRESSE SEULEMENT AUX ELEVES QUI NE PERCOIVENT PAS ENCORE DE BOURSE DE LYCEE. La campagne de demande de bourse de lyc\u00e9e 2020\/2021 est ouverte jusqu&#8217;au 8 juillet 2020 puis de septembre \u00e0 octobre 2020. t\u00e9l\u00e9charger et remplir le dossier ci-dessous : formulaire \u00e0 remplir demande de bourse de lyc\u00e9e ann\u00e9e scolaire 2020-2021 Pieces \u00e0 fournir\u00a0avec le dossier : Copie de l&#8217;avis ou de la situation d\u00e9clarative de l&#8217;impot sur les revenus de 2019 Attestation CAF Copie du livret de famille ou acte de naissance. D\u00e9poser le dossier&#8230; <\/p>\n\t\t\t\t<\/div>\n\n\t\t\t\t\n\t\t\t<\/div>\n\n\t\t\n\t\t\t<div id=\"su-post-2152\" class=\"su-post\">\n\n\t\t\t\t\t\t\t\t\t<a class=\"su-post-thumbnail\" href=\"https:\/\/lponordgrandeterre.fr\/?p=2152\"><img width=\"178\" height=\"95\" src=\"https:\/\/lponordgrandeterre.fr\/wp-content\/uploads\/2020\/03\/unnamed.png\" class=\"attachment-post-thumbnail size-post-thumbnail wp-post-image\" alt=\"\" decoding=\"async\" loading=\"lazy\" \/><\/a>\n\t\t\t\t\n\t\t\t\t<h2 class=\"su-post-title\"><a href=\"https:\/\/lponordgrandeterre.fr\/?p=2152\">La garantie Visale<\/a><\/h2>\n\n\t\t\t\t<div class=\"su-post-meta\">\n\t\t\t\t\tPubli\u00e9: 9 mars 2020\t\t\t\t<\/div>\n\n\t\t\t\t<div class=\"su-post-excerpt\">\n\t\t\t\t\t<p>Depuis cette ann\u00e9e, la CL\u00c9 (Caution Locative \u00c9tudiante) du Crous devient la Garantie Visale, dans le cadre d&#8217;une d\u00e9marche de regroupement des aides d&#8217;Action Logement. Ce dispositif permettant aux \u00e9tudiants sans garant de trouver un logement. &nbsp; La Garantie Visale: Aide se substituant \u00e0 la (Cl\u00e9), Caution Locative \u00c9tudiante du Crous.\u00a0Les conditions restant identiques, ce dispositif vise \u00e0 couvrir les impay\u00e9s de loyers (charges comprises) du locataire, quelle qu&#8217;en soit la cause, pendant toute la dur\u00e9e du bail. Toutes ces d\u00e9marches se font via une plateforme num\u00e9rique et le d\u00e9lais&#8230; <\/p>\n\t\t\t\t<\/div>\n\n\t\t\t\t\n\t\t\t<\/div>\n\n\t\t\n\t\n<\/div>\n\n","protected":false},"excerpt":{"rendered":"","protected":false},"author":4,"featured_media":0,"parent":86,"menu_order":5,"comment_status":"closed","ping_status":"closed","template":"","meta":[],"_links":{"self":[{"href":"https:\/\/lponordgrandeterre.fr\/index.php?rest_route=\/wp\/v2\/pages\/2156"}],"collection":[{"href":"https:\/\/lponordgrandeterre.fr\/index.php?rest_route=\/wp\/v2\/pages"}],"about":[{"href":"https:\/\/lponordgrandeterre.fr\/index.php?rest_route=\/wp\/v2\/types\/page"}],"author":[{"embeddable":true,"href":"https:\/\/lponordgrandeterre.fr\/index.php?rest_route=\/wp\/v2\/users\/4"}],"replies":[{"embeddable":true,"href":"https:\/\/lponordgrandeterre.fr\/index.php?rest_route=%2Fwp%2Fv2%2Fcomments&post=2156"}],"version-history":[{"count":3,"href":"https:\/\/lponordgrandeterre.fr\/index.php?rest_route=\/wp\/v2\/pages\/2156\/revisions"}],"predecessor-version":[{"id":4064,"href":"https:\/\/lponordgrandeterre.fr\/index.php?rest_route=\/wp\/v2\/pages\/2156\/revisions\/4064"}],"up":[{"embeddable":true,"href":"https:\/\/lponordgrandeterre.fr\/index.php?rest_route=\/wp\/v2\/pages\/86"}],"wp:attachment":[{"href":"https:\/\/lponordgrandeterre.fr\/index.php?rest_route=%2Fwp%2Fv2%2Fmedia&parent=2156"}],"curies":[{"name":"wp","href":"https:\/\/api.w.org\/{rel}","templated":true}]}}