{"id":4037,"date":"2022-07-19T06:09:10","date_gmt":"2022-07-19T04:09:10","guid":{"rendered":"https:\/\/lponordgrandeterre.fr\/?page_id=4037"},"modified":"2023-10-20T17:19:31","modified_gmt":"2023-10-20T15:19:31","slug":"calendrier-scolaire","status":"publish","type":"page","link":"https:\/\/lponordgrandeterre.fr\/?page_id=4037","title":{"rendered":"Calendrier scolaire"},"content":{"rendered":"\n<p>Pour acc\u00e9der aux dates des p\u00e9riodes d&#8217;activit\u00e9 de l&#8217;ann\u00e9e scolaire 2023-2024, cliquer sur le lien suivant : <a rel=\"noreferrer noopener\" href=\"https:\/\/www.ac-guadeloupe.fr\/calendriers\/calendrier_vacances_scolaires\" target=\"_blank\">https:\/\/www.ac-guadeloupe.fr\/calendriers\/calendrier_vacances_scolaires<\/a><\/p>\n\n\n\n<div class=\"wp-block-file\"><object class=\"wp-block-file__embed\" data=\"https:\/\/lponordgrandeterre.fr\/wp-content\/uploads\/2023\/10\/Calendrier-annee-scolaire-2023-2024.pdf\" type=\"application\/pdf\" style=\"width:100%;height:600px\" aria-label=\"Contenu embarqu\u00e9 Calendrier-annee-scolaire-2023-2024.\"><\/object><a id=\"wp-block-file--media-e10bcbce-ce23-42e1-83cc-c91e87463f75\" href=\"https:\/\/lponordgrandeterre.fr\/wp-content\/uploads\/2023\/10\/Calendrier-annee-scolaire-2023-2024.pdf\">Calendrier-annee-scolaire-2023-2024<\/a><a href=\"https:\/\/lponordgrandeterre.fr\/wp-content\/uploads\/2023\/10\/Calendrier-annee-scolaire-2023-2024.pdf\" class=\"wp-block-file__button wp-element-button\" download aria-describedby=\"wp-block-file--media-e10bcbce-ce23-42e1-83cc-c91e87463f75\">T\u00e9l\u00e9charger<\/a><\/div>\n","protected":false},"excerpt":{"rendered":"<p>Pour acc\u00e9der aux dates des p\u00e9riodes d&#8217;activit\u00e9 de l&#8217;ann\u00e9e scolaire 2023-2024, cliquer sur le lien suivant : https:\/\/www.ac-guadeloupe.fr\/calendriers\/calendrier_vacances_scolaires<\/p>\n","protected":false},"author":8,"featured_media":0,"parent":86,"menu_order":2,"comment_status":"closed","ping_status":"closed","template":"","meta":[],"_links":{"self":[{"href":"https:\/\/lponordgrandeterre.fr\/index.php?rest_route=\/wp\/v2\/pages\/4037"}],"collection":[{"href":"https:\/\/lponordgrandeterre.fr\/index.php?rest_route=\/wp\/v2\/pages"}],"about":[{"href":"https:\/\/lponordgrandeterre.fr\/index.php?rest_route=\/wp\/v2\/types\/page"}],"author":[{"embeddable":true,"href":"https:\/\/lponordgrandeterre.fr\/index.php?rest_route=\/wp\/v2\/users\/8"}],"replies":[{"embeddable":true,"href":"https:\/\/lponordgrandeterre.fr\/index.php?rest_route=%2Fwp%2Fv2%2Fcomments&post=4037"}],"version-history":[{"count":6,"href":"https:\/\/lponordgrandeterre.fr\/index.php?rest_route=\/wp\/v2\/pages\/4037\/revisions"}],"predecessor-version":[{"id":5028,"href":"https:\/\/lponordgrandeterre.fr\/index.php?rest_route=\/wp\/v2\/pages\/4037\/revisions\/5028"}],"up":[{"embeddable":true,"href":"https:\/\/lponordgrandeterre.fr\/index.php?rest_route=\/wp\/v2\/pages\/86"}],"wp:attachment":[{"href":"https:\/\/lponordgrandeterre.fr\/index.php?rest_route=%2Fwp%2Fv2%2Fmedia&parent=4037"}],"curies":[{"name":"wp","href":"https:\/\/api.w.org\/{rel}","templated":true}]}}