{"id":540,"date":"2017-06-21T13:41:49","date_gmt":"2017-06-21T11:41:49","guid":{"rendered":"http:\/\/lponordgrandeterre.fr\/?page_id=540"},"modified":"2017-06-22T03:46:36","modified_gmt":"2017-06-22T01:46:36","slug":"mediatheque","status":"publish","type":"page","link":"https:\/\/lponordgrandeterre.fr\/?page_id=540","title":{"rendered":"M\u00e9diath\u00e8que"},"content":{"rendered":"<p style=\"text-align: left;\">\n\t\t<!-- MasterSlider -->\n\t\t<div id=\"P_MS6a0a1a41d9e5b\" class=\"master-slider-parent msl ms-parent-id-4\" style=\"max-width:800px;\"  >\n\n\t\t\t\n\t\t\t<!-- MasterSlider Main -->\n\t\t\t<div id=\"MS6a0a1a41d9e5b\" class=\"master-slider ms-skin-default\" >\n\t\t\t\t \t\t\t\t \n\t\t\t\t<div  class=\"ms-slide\" data-delay=\"3\" data-fill-mode=\"fill\"  >\n\t\t\t\t\t<img src=\"https:\/\/lponordgrandeterre.fr\/wp-content\/plugins\/master-slider\/public\/assets\/css\/blank.gif\" alt=\"\" title=\"\" data-src=\"https:\/\/lponordgrandeterre.fr\/wp-content\/uploads\/2017\/06\/DSC_0026.jpg\" \/>\n\t<a href=\"http:\/\/lponordgrandeterre.fr\/wp-content\/uploads\/2017\/06\/DSC_0026.jpg\" target=\"_blank\"    ><\/a>\n\n\n\t<img class=\"ms-thumb\" src=\"https:\/\/lponordgrandeterre.fr\/wp-content\/uploads\/2017\/06\/DSC_0026-140x80.jpg\" alt=\"\" \/>\n\t<div class=\"ms-thumb\" ><div class=\"ms-tab-context\"><div class=&quot;ms-tab-context&quot;><\/div><\/div>\n<\/div>\n\t\t\t\t<\/div>\n\t\t\t\t<div  class=\"ms-slide\" data-delay=\"3\" data-fill-mode=\"fill\"  >\n\t\t\t\t\t<img src=\"https:\/\/lponordgrandeterre.fr\/wp-content\/plugins\/master-slider\/public\/assets\/css\/blank.gif\" alt=\"\" title=\"\" data-src=\"https:\/\/lponordgrandeterre.fr\/wp-content\/uploads\/2017\/06\/DSC_0030.jpg\" \/>\n\t<a href=\"http:\/\/lponordgrandeterre.fr\/wp-content\/uploads\/2017\/06\/DSC_0030.jpg\" target=\"_blank\"    ><\/a>\n\n\n\t<img class=\"ms-thumb\" src=\"https:\/\/lponordgrandeterre.fr\/wp-content\/uploads\/2017\/06\/DSC_0030-140x80.jpg\" alt=\"\" \/>\n\t<div class=\"ms-thumb\" ><div class=\"ms-tab-context\"><div class=&quot;ms-tab-context&quot;><\/div><\/div>\n<\/div>\n\t\t\t\t<\/div>\n\t\t\t\t<div  class=\"ms-slide\" data-delay=\"3\" data-fill-mode=\"fill\"  >\n\t\t\t\t\t<img src=\"https:\/\/lponordgrandeterre.fr\/wp-content\/plugins\/master-slider\/public\/assets\/css\/blank.gif\" alt=\"\" title=\"\" data-src=\"https:\/\/lponordgrandeterre.fr\/wp-content\/uploads\/2017\/06\/DSC_0032.jpg\" \/>\n\t<a href=\"http:\/\/lponordgrandeterre.fr\/wp-content\/uploads\/2017\/06\/DSC_0032.jpg\" target=\"_blank\"    ><\/a>\n\n\n\t<img class=\"ms-thumb\" src=\"https:\/\/lponordgrandeterre.fr\/wp-content\/uploads\/2017\/06\/DSC_0032-140x80.jpg\" alt=\"\" \/>\n\t<div class=\"ms-thumb\" ><div class=\"ms-tab-context\"><div class=&quot;ms-tab-context&quot;><\/div><\/div>\n<\/div>\n\t\t\t\t<\/div>\n\t\t\t\t<div  class=\"ms-slide\" data-delay=\"3\" data-fill-mode=\"fill\"  >\n\t\t\t\t\t<img src=\"https:\/\/lponordgrandeterre.fr\/wp-content\/plugins\/master-slider\/public\/assets\/css\/blank.gif\" alt=\"\" title=\"\" data-src=\"https:\/\/lponordgrandeterre.fr\/wp-content\/uploads\/2017\/06\/DSC_0029.jpg\" \/>\n\t<a href=\"http:\/\/lponordgrandeterre.fr\/wp-content\/uploads\/2017\/06\/DSC_0029.jpg\" target=\"_blank\"    ><\/a>\n\n\n\t<img class=\"ms-thumb\" src=\"https:\/\/lponordgrandeterre.fr\/wp-content\/uploads\/2017\/06\/DSC_0029-140x80.jpg\" alt=\"\" \/>\n\t<div class=\"ms-thumb\" ><div class=\"ms-tab-context\"><div class=&quot;ms-tab-context&quot;><\/div><\/div>\n<\/div>\n\t\t\t\t<\/div>\n\n\t\t\t<\/div>\n\t\t\t<!-- END MasterSlider Main -->\n\n\t\t\t \n\t\t<\/div>\n\t\t<!-- END MasterSlider -->\n\n\t\t<script>\n\t\t(function ( $ ) {\n\t\t\t\"use strict\";\n\n\t\t\t$(function () {\n\t\t\t\tvar masterslider_9e5b = new MasterSlider();\n\n\t\t\t\t\/\/ slider controls\n\t\t\t\tmasterslider_9e5b.control('arrows'     ,{ autohide:false, overVideo:true  });\t\t\t\tmasterslider_9e5b.control('bullets'    ,{ autohide:false, overVideo:true, dir:'h', align:'bottom' , margin:10  });\n\n\t\t\t\tmasterslider_9e5b.control('thumblist'  ,{ autohide:false, overVideo:true, dir:'h', speed:17, inset:false, arrows:false, hover:false, customClass:'', align:'bottom',type:'thumbs', margin:5, width:140, height:80, space:5, fillMode:'fill'  });\n\t\t\t\t\/\/ slider setup\n\t\t\t\tmasterslider_9e5b.setup(\"MS6a0a1a41d9e5b\", {\n\t\t\t\t\t\twidth           : 800,\n\t\t\t\t\t\theight          : 480,\n\t\t\t\t\t\tminHeight       : 0,\n\t\t\t\t\t\tspace           : 0,\n\t\t\t\t\t\tstart           : 1,\n\t\t\t\t\t\tgrabCursor      : true,\n\t\t\t\t\t\tswipe           : true,\n\t\t\t\t\t\tmouse           : true,\n\t\t\t\t\t\tlayout          : \"boxed\",\n\t\t\t\t\t\twheel           : false,\n\t\t\t\t\t\tautoplay        : false,\n\t\t\t\t\t\tinstantStartLayers:false,\n\t\t\t\t\t\tloop            : false,\n\t\t\t\t\t\tshuffle         : false,\n\t\t\t\t\t\tpreload         : 0,\n\t\t\t\t\t\theightLimit     : true,\n\t\t\t\t\t\tautoHeight      : false,\n\t\t\t\t\t\tsmoothHeight    : true,\n\t\t\t\t\t\tendPause        : false,\n\t\t\t\t\t\toverPause       : true,\n\t\t\t\t\t\tfillMode        : \"fill\",\n\t\t\t\t\t\tcenterControls  : true,\n\t\t\t\t\t\tstartOnAppear   : false,\n\t\t\t\t\t\tlayersMode      : \"center\",\n\t\t\t\t\t\thideLayers      : false,\n\t\t\t\t\t\tfullscreenMargin: 0,\n\t\t\t\t\t\tspeed           : 20,\n\t\t\t\t\t\tdir             : \"h\",\n\t\t\t\t\t\tparallaxMode    : 'swipe',\n\t\t\t\t\t\tview            : \"basic\"\n\t\t\t\t});\n\n\t\t\t\t\n\t\t\t\twindow.masterslider_instances = window.masterslider_instances || [];\n\t\t\t\twindow.masterslider_instances.push( masterslider_9e5b );\n\t\t\t });\n\n\t\t})(jQuery);\n\t\t<\/script>\n\n\n<p style=\"text-align: left;\">\n<p style=\"text-align: left;\"><strong>FONCTIONNEMENT GENERAL DE LA MEDIATHEQUE \/ CDI<\/strong><\/p>\n<p style=\"text-align: left;\">Le CDI offre \u00e0 l\u2019ensemble de la communaut\u00e9 scolaire les ressources d\u2019une m\u00e9diath\u00e8que\u00a0: livres, presse, vid\u00e9os, audio, informatique. Ses locaux sont accessibles \u00e0 tous\u00a0: \u00e9l\u00e8ves, personnels, parents. Le pr\u00eat des documents est ouvert \u00e0 tous, dans la limite de 3 documents par personne pour une dur\u00e9e de 15 jours.<\/p>\n<p style=\"text-align: left;\"><strong>ESPACES<\/strong><\/p>\n<p style=\"text-align: left;\">La m\u00e9diath\u00e8que du lyc\u00e9e se caract\u00e9rise par une grande qualit\u00e9 architecturale. Les espaces sont vastes, nombreux et confortables\u00a0: larges baies vitr\u00e9es, climatisation, mobilier de qualit\u00e9, parc informatique. Plusieurs espaces sont adapt\u00e9s \u00e0 diff\u00e9rents usages\u00a0:<\/p>\n<ul style=\"text-align: left;\">\n<li style=\"text-align: left;\">La salle de travail centrale\u00a0: destin\u00e9 au travail en autonomie, aux recherches documentaires, \u00e0 la lecture.<\/li>\n<li style=\"text-align: left;\">La salle cin\u00e9-libre\u00a0: accessible aux \u00e9l\u00e8ves en autonomie, pour y visionner un film pr\u00e9sent dans le catalogue du CDI (300 titres de tous les styles).<\/li>\n<li style=\"text-align: left;\">Les Box BTS\u00a0: r\u00e9serv\u00e9s aux \u00e9tudiants pour les travaux de groupes.<\/li>\n<li style=\"text-align: left;\">Les salles annexes\u00a0: 2 salles informatiques et une salle de diffusion vid\u00e9o, accessibles sous r\u00e9servation pour les enseignants avec leurs classes.<\/li>\n<li style=\"text-align: left;\">La salle professionnelle\u00a0: r\u00e9serv\u00e9e aux enseignants pour les travaux p\u00e9dagogiques pr\u00e9paratoires.<\/li>\n<\/ul>\n<p style=\"text-align: left;\"><strong>\u00a0<\/strong><\/p>\n<p style=\"text-align: left;\"><strong>HORAIRES 2016-2017<\/strong><\/p>\n<p style=\"text-align: left;\">Le CDI est ouvert tout au long de la journ\u00e9e, y compris pendant la pause m\u00e9ridienne. Les mardi, jeudi et vendredi, il reste ouvert 1 heure apr\u00e8s la fin des cours afin d\u2019accueillir les \u00e9l\u00e8ves internes qui le souhaitent.<\/p>\n<p style=\"text-align: left;\">Les \u00e9l\u00e8ves peuvent venir au CDI \u00e0 tout moment et pour la dur\u00e9e qu\u2019ils souhaitent<\/p>\n<table class=\" alignleft\" style=\"height: 166px;\" width=\"421\">\n<tbody>\n<tr>\n<td width=\"132\">Lundi<\/td>\n<td width=\"255\"><strong>7h15 \u2013 16h45<\/strong><\/td>\n<\/tr>\n<tr>\n<td width=\"132\">Mardi<\/td>\n<td width=\"255\"><strong>7h15 \u2013 17h30<\/strong><\/td>\n<\/tr>\n<tr>\n<td width=\"132\">Mercredi<\/td>\n<td width=\"255\"><strong>7h15 \u2013 14h45<\/strong><\/td>\n<\/tr>\n<tr>\n<td width=\"132\">Jeudi<\/td>\n<td width=\"255\"><strong>7h15 \u2013 17h30<\/strong><\/td>\n<\/tr>\n<tr>\n<td width=\"132\">Vendredi<\/td>\n<td width=\"255\"><strong>7h15 \u2013 16h45<\/strong><\/td>\n<\/tr>\n<\/tbody>\n<\/table>\n<p style=\"text-align: left;\"><strong>\u00a0<\/strong><\/p>\n<p>&nbsp;<\/p>\n<p>&nbsp;<\/p>\n<p>&nbsp;<\/p>\n<p>&nbsp;<\/p>\n<p>&nbsp;<\/p>\n<p>&nbsp;<\/p>\n<p><strong>REGLES DE SAVOIR VIVRE<\/strong><\/p>\n<p>Comme dans l\u2019ensemble de l\u2019\u00e9tablissement, le r\u00e8glement int\u00e9rieur du lyc\u00e9e s\u2019applique dans les espaces du CDI.<\/p>\n<p>Le CDI est un lieu de travail autonome et de lecture individuelle, qui n\u00e9cessite une ambiance studieuse et sereine. Les \u00e9l\u00e8ves qui le fr\u00e9quentent s\u2019engagent donc \u00e0 adopter un comportement compatible avec cette ambiance.<\/p>\n<p>&nbsp;<\/p>\n<p>Plan de la m\u00e9diatheque:<\/p>\n<div class=\"su-document su-u-responsive-media-yes\"><iframe src=\"\/\/docs.google.com\/viewer?embedded=true&url=http:\/\/lponordgrandeterre.fr\/wp-content\/uploads\/2017\/06\/plan-cdi.pdf\" width=\"840\" height=\"800\" class=\"su-document\" title=\"\"><\/iframe><\/div>\n<p>&nbsp;<\/p>\n\n\n<div class=\"su-posts su-posts-default-loop\">\n\n\t\n\t\t\n\t\t\t<div id=\"su-post-5752\" class=\"su-post\">\n\n\t\t\t\t\t\t\t\t\t<a class=\"su-post-thumbnail\" href=\"https:\/\/lponordgrandeterre.fr\/?p=5752\"><img width=\"1440\" height=\"1018\" src=\"https:\/\/lponordgrandeterre.fr\/wp-content\/uploads\/2025\/11\/0beebc76-2aa0-4972-9107-f3234c5ea326-1.jpg\" class=\"attachment-post-thumbnail size-post-thumbnail wp-post-image\" alt=\"\" decoding=\"async\" loading=\"lazy\" srcset=\"https:\/\/lponordgrandeterre.fr\/wp-content\/uploads\/2025\/11\/0beebc76-2aa0-4972-9107-f3234c5ea326-1.jpg 1440w, https:\/\/lponordgrandeterre.fr\/wp-content\/uploads\/2025\/11\/0beebc76-2aa0-4972-9107-f3234c5ea326-1-300x212.jpg 300w, https:\/\/lponordgrandeterre.fr\/wp-content\/uploads\/2025\/11\/0beebc76-2aa0-4972-9107-f3234c5ea326-1-1024x724.jpg 1024w, https:\/\/lponordgrandeterre.fr\/wp-content\/uploads\/2025\/11\/0beebc76-2aa0-4972-9107-f3234c5ea326-1-768x543.jpg 768w\" sizes=\"(max-width: 1440px) 100vw, 1440px\" \/><\/a>\n\t\t\t\t\n\t\t\t\t<h2 class=\"su-post-title\"><a href=\"https:\/\/lponordgrandeterre.fr\/?p=5752\">Des nouvelles du CDI<\/a><\/h2>\n\n\t\t\t\t<div class=\"su-post-meta\">\n\t\t\t\t\tPubli\u00e9: 26 novembre 2025\t\t\t\t<\/div>\n\n\t\t\t\t<div class=\"su-post-excerpt\">\n\t\t\t\t\t\t\t\t\t<\/div>\n\n\t\t\t\t\n\t\t\t<\/div>\n\n\t\t\n\t\t\t<div id=\"su-post-3611\" class=\"su-post\">\n\n\t\t\t\t\t\t\t\t\t<a class=\"su-post-thumbnail\" href=\"https:\/\/lponordgrandeterre.fr\/?p=3611\"><img width=\"960\" height=\"636\" src=\"https:\/\/lponordgrandeterre.fr\/wp-content\/uploads\/2022\/04\/learning-3313869_960_720.jpg\" class=\"attachment-post-thumbnail size-post-thumbnail wp-post-image\" alt=\"\" decoding=\"async\" loading=\"lazy\" srcset=\"https:\/\/lponordgrandeterre.fr\/wp-content\/uploads\/2022\/04\/learning-3313869_960_720.jpg 960w, https:\/\/lponordgrandeterre.fr\/wp-content\/uploads\/2022\/04\/learning-3313869_960_720-300x199.jpg 300w, https:\/\/lponordgrandeterre.fr\/wp-content\/uploads\/2022\/04\/learning-3313869_960_720-768x509.jpg 768w\" sizes=\"(max-width: 960px) 100vw, 960px\" \/><\/a>\n\t\t\t\t\n\t\t\t\t<h2 class=\"su-post-title\"><a href=\"https:\/\/lponordgrandeterre.fr\/?p=3611\">Pour pr\u00e9parer les \u00e9preuves de fin d&#8217;ann\u00e9e<\/a><\/h2>\n\n\t\t\t\t<div class=\"su-post-meta\">\n\t\t\t\t\tPubli\u00e9: 27 avril 2022\t\t\t\t<\/div>\n\n\t\t\t\t<div class=\"su-post-excerpt\">\n\t\t\t\t\t<p>Sachez qu&#8217;il y a des ouvrages au CDI et des outils pour vous aider \u00e0 approfondir votre pr\u00e9paration du Bac.<\/p>\n\t\t\t\t<\/div>\n\n\t\t\t\t\n\t\t\t<\/div>\n\n\t\t\n\t\t\t<div id=\"su-post-3377\" class=\"su-post\">\n\n\t\t\t\t\t\t\t\t\t<a class=\"su-post-thumbnail\" href=\"https:\/\/lponordgrandeterre.fr\/?p=3377\"><img width=\"280\" height=\"280\" src=\"https:\/\/lponordgrandeterre.fr\/wp-content\/uploads\/2021\/12\/fba12acf999488d78023c11150a1c02d.jpg\" class=\"attachment-post-thumbnail size-post-thumbnail wp-post-image\" alt=\"\" decoding=\"async\" loading=\"lazy\" srcset=\"https:\/\/lponordgrandeterre.fr\/wp-content\/uploads\/2021\/12\/fba12acf999488d78023c11150a1c02d.jpg 280w, https:\/\/lponordgrandeterre.fr\/wp-content\/uploads\/2021\/12\/fba12acf999488d78023c11150a1c02d-150x150.jpg 150w\" sizes=\"(max-width: 280px) 100vw, 280px\" \/><\/a>\n\t\t\t\t\n\t\t\t\t<h2 class=\"su-post-title\"><a href=\"https:\/\/lponordgrandeterre.fr\/?p=3377\">Concours Foliture et BDZ\u00eeles<\/a><\/h2>\n\n\t\t\t\t<div class=\"su-post-meta\">\n\t\t\t\t\tPubli\u00e9: 15 d\u00e9cembre 2021\t\t\t\t<\/div>\n\n\t\t\t\t<div class=\"su-post-excerpt\">\n\t\t\t\t\t<p>Cette ann\u00e9e encore, je vous invite \u00e0 vivre une aventure litt\u00e9raire gr\u00e2ce aux concours Foliture et BDZ&#8217;\u00eeles. Laissez-vous porter par de belles histoires originales et des mondes lointains. Foliture Portraits f\u00e9minin au pluri&#8217;d&#8217;ELLES Fili\u00e8re pro Premi\u00e8re \u00e9preuve : 17 f\u00e9vrier 2020 Dur\u00e9e : 1 heure 1\/ J&#8217;ai 14 ans et ce n&#8217;est pas une bonne nouvelle Witek, J. 2\/ Ma m\u00e8re le crabe et moi Percin, A. Finale Les maux bleus \u00a0F\u00e9ret-Fleury, C. Fili\u00e8re g\u00e9n\u00e9rale 1\/ Victoire, les saveurs et les mots Cond\u00e9, M 2\/ Le parfum des sir\u00e8nes Pineau,&#8230; <\/p>\n\t\t\t\t<\/div>\n\n\t\t\t\t\n\t\t\t<\/div>\n\n\t\t\n\t\t\t<div id=\"su-post-3265\" class=\"su-post\">\n\n\t\t\t\t\t\t\t\t\t<a class=\"su-post-thumbnail\" href=\"https:\/\/lponordgrandeterre.fr\/?p=3265\"><img width=\"1497\" height=\"1058\" src=\"https:\/\/lponordgrandeterre.fr\/wp-content\/uploads\/2021\/09\/Padlet-2-pdf.jpg\" class=\"attachment-post-thumbnail size-post-thumbnail wp-post-image\" alt=\"\" decoding=\"async\" loading=\"lazy\" \/><\/a>\n\t\t\t\t\n\t\t\t\t<h2 class=\"su-post-title\"><a href=\"https:\/\/lponordgrandeterre.fr\/?p=3265\">CDI virtuel<\/a><\/h2>\n\n\t\t\t\t<div class=\"su-post-meta\">\n\t\t\t\t\tPubli\u00e9: 20 septembre 2021\t\t\t\t<\/div>\n\n\t\t\t\t<div class=\"su-post-excerpt\">\n\t\t\t\t\t<p>Ci-dessous le lien d&#8217;un Padlet pour vous aider \u00e0 travailler en autonomie.<\/p>\n\t\t\t\t<\/div>\n\n\t\t\t\t\n\t\t\t<\/div>\n\n\t\t\n\t\t\t<div id=\"su-post-2493\" class=\"su-post\">\n\n\t\t\t\t\t\t\t\t\t<a class=\"su-post-thumbnail\" href=\"https:\/\/lponordgrandeterre.fr\/?p=2493\"><img width=\"1896\" height=\"936\" src=\"https:\/\/lponordgrandeterre.fr\/wp-content\/uploads\/2020\/11\/esidoc.jpg\" class=\"attachment-post-thumbnail size-post-thumbnail wp-post-image\" alt=\"\" decoding=\"async\" loading=\"lazy\" srcset=\"https:\/\/lponordgrandeterre.fr\/wp-content\/uploads\/2020\/11\/esidoc.jpg 1896w, https:\/\/lponordgrandeterre.fr\/wp-content\/uploads\/2020\/11\/esidoc-300x148.jpg 300w, https:\/\/lponordgrandeterre.fr\/wp-content\/uploads\/2020\/11\/esidoc-768x379.jpg 768w, https:\/\/lponordgrandeterre.fr\/wp-content\/uploads\/2020\/11\/esidoc-1024x506.jpg 1024w\" sizes=\"(max-width: 1896px) 100vw, 1896px\" \/><\/a>\n\t\t\t\t\n\t\t\t\t<h2 class=\"su-post-title\"><a href=\"https:\/\/lponordgrandeterre.fr\/?p=2493\">Portail Esidoc du LPO Nord Grande-Terre<\/a><\/h2>\n\n\t\t\t\t<div class=\"su-post-meta\">\n\t\t\t\t\tPubli\u00e9: 30 novembre 2020\t\t\t\t<\/div>\n\n\t\t\t\t<div class=\"su-post-excerpt\">\n\t\t\t\t\t<p>&nbsp; &nbsp; Veuillez trouver ci-joint le lien Esidoc du CDI de l&#8217;\u00e9tablissement afin de prendre connaissance des nouveaut\u00e9s du CDI et faire de la recherche documentaire. https:\/\/9711082z.esidoc.fr\/ &nbsp; &nbsp; &nbsp; &nbsp; &nbsp;<\/p>\n\t\t\t\t<\/div>\n\n\t\t\t\t\n\t\t\t<\/div>\n\n\t\t\n\t\t\t<div id=\"su-post-2192\" class=\"su-post\">\n\n\t\t\t\t\t\t\t\t\t<a class=\"su-post-thumbnail\" href=\"https:\/\/lponordgrandeterre.fr\/?p=2192\"><img width=\"960\" height=\"640\" src=\"https:\/\/lponordgrandeterre.fr\/wp-content\/uploads\/2020\/04\/writing-writer_9QEVP5YHO3.jpg\" class=\"attachment-post-thumbnail size-post-thumbnail wp-post-image\" alt=\"\" decoding=\"async\" loading=\"lazy\" srcset=\"https:\/\/lponordgrandeterre.fr\/wp-content\/uploads\/2020\/04\/writing-writer_9QEVP5YHO3.jpg 960w, https:\/\/lponordgrandeterre.fr\/wp-content\/uploads\/2020\/04\/writing-writer_9QEVP5YHO3-300x200.jpg 300w, https:\/\/lponordgrandeterre.fr\/wp-content\/uploads\/2020\/04\/writing-writer_9QEVP5YHO3-768x512.jpg 768w\" sizes=\"(max-width: 960px) 100vw, 960px\" \/><\/a>\n\t\t\t\t\n\t\t\t\t<h2 class=\"su-post-title\"><a href=\"https:\/\/lponordgrandeterre.fr\/?p=2192\">Ressources en ligne<\/a><\/h2>\n\n\t\t\t\t<div class=\"su-post-meta\">\n\t\t\t\t\tPubli\u00e9: 2 avril 2020\t\t\t\t<\/div>\n\n\t\t\t\t<div class=\"su-post-excerpt\">\n\t\t\t\t\t<p>Bonjour \u00e0 tous, Veuillez trouver de nouveau le lien du Padlet qui regroupe des ressources pour continuer votre apprentissage. https:\/\/padlet.com\/cdinordgt\/grze1yce0qh6 &nbsp; &nbsp; Cuirassier S. Professeur documentaliste<\/p>\n\t\t\t\t<\/div>\n\n\t\t\t\t\n\t\t\t<\/div>\n\n\t\t\n\t\t\t<div id=\"su-post-2167\" class=\"su-post\">\n\n\t\t\t\t\n\t\t\t\t<h2 class=\"su-post-title\"><a href=\"https:\/\/lponordgrandeterre.fr\/?p=2167\"><\/a><\/h2>\n\n\t\t\t\t<div class=\"su-post-meta\">\n\t\t\t\t\tPubli\u00e9: 12 mars 2020\t\t\t\t<\/div>\n\n\t\t\t\t<div class=\"su-post-excerpt\">\n\t\t\t\t\t<p>L\u2019\u00e9quipe Wi\u2019anArt du Lyc\u00e9e Gerville R\u00e9ache et du Coll\u00e8ge Richard Samuel vous invitent \u00e0 venir d\u00e9couvrir l\u2019exposition Recyclages au Centre R\u00e9my Nainsouta du 12 au 31 mars 2020. L\u2019exposition pr\u00e9sentera les 20 photos laur\u00e9ates du concours acad\u00e9mique sur le th\u00e8me des recyclages, aux c\u00f4t\u00e9s d\u2019\u0153uvres originales de l\u2019artiste Laurence Roussas et de 5 panneaux informatifs sur le recyclage des d\u00e9chets, l\u2019\u00e9conomie circulaire et la r\u00e9cente loi du 10 f\u00e9vrier 2020 contre le gaspillage et pour l\u2019\u00e9conomie circulaire. L\u2019artiste Laurence Roussas animera des ateliers de cr\u00e9ation artistique \u00e0 base de mat\u00e9riaux&#8230; <\/p>\n\t\t\t\t<\/div>\n\n\t\t\t\t\n\t\t\t<\/div>\n\n\t\t\n\t\t\t<div id=\"su-post-2160\" class=\"su-post\">\n\n\t\t\t\t\n\t\t\t\t<h2 class=\"su-post-title\"><a href=\"https:\/\/lponordgrandeterre.fr\/?p=2160\">Th\u00e9\u00e2tre<\/a><\/h2>\n\n\t\t\t\t<div class=\"su-post-meta\">\n\t\t\t\t\tPubli\u00e9: 11 mars 2020\t\t\t\t<\/div>\n\n\t\t\t\t<div class=\"su-post-excerpt\">\n\t\t\t\t\t<p>\u00ab\u00a0Les crapauds fous\u00a0\u00bb La compagnie th\u00e9\u00e2trale Courtes lignes va vous raconter l\u2019histoire vraie, de deux jeunes m\u00e9decins d\u2019une petite ville polonaise, Eug\u00e8ne et Stanislaw. Gr\u00e2ce \u00e0 une incroyable supercherie, ils ont sauv\u00e9 pr\u00e8s de 8000 personnes susceptibles d\u2019\u00eatre envoy\u00e9es dans les camps nazis. Repr\u00e9sentations pr\u00e9vues\u00a0: Au Cin\u00e9-Th\u00e9\u00e2tre du LAMENTIN du 4 au 8 mars et du 3 au 5 avril. \u00a0Salle Robert LOYSON au MOULE du 13 au 15 mars Auditorium de Basse Terre le 18 mars Palais F\u00e9lix Proto aux Abymes : les 20 et 21 mars Salle TARER&#8230; <\/p>\n\t\t\t\t<\/div>\n\n\t\t\t\t\n\t\t\t<\/div>\n\n\t\t\n\t\t\t<div id=\"su-post-2146\" class=\"su-post\">\n\n\t\t\t\t\n\t\t\t\t<h2 class=\"su-post-title\"><a href=\"https:\/\/lponordgrandeterre.fr\/?p=2146\">TERRA Festival 2020<\/a><\/h2>\n\n\t\t\t\t<div class=\"su-post-meta\">\n\t\t\t\t\tPubli\u00e9: 9 mars 2020\t\t\t\t<\/div>\n\n\t\t\t\t<div class=\"su-post-excerpt\">\n\t\t\t\t\t<p>Le TERRA Festival annonce sa 16\u00e8me \u00e9dition qui aura lieu entre le 27 mars et le 4 avril. La programmation s\u2019annonce tr\u00e8s diversifi\u00e9e. Une place importante est faite aux scolaires (primaires, coll\u00e9giens et lyc\u00e9ens avec une attention particuli\u00e8re pour les options cin\u00e9ma). Ils auront la possibilit\u00e9 de voir les films de la programmation et de rencontrer les invit\u00e9s lors de moments privil\u00e9gi\u00e9s de libres \u00e9changes. Projection\u00a0de films : Gratuite \u00e0 Beauport pour les scolaires Option\u00a0: Visite du site + Balade en train + d\u00e9gustation de jus de canne Des concours&#8230; <\/p>\n\t\t\t\t<\/div>\n\n\t\t\t\t\n\t\t\t<\/div>\n\n\t\t\n\t\t\t<div id=\"su-post-2126\" class=\"su-post\">\n\n\t\t\t\t\n\t\t\t\t<h2 class=\"su-post-title\"><a href=\"https:\/\/lponordgrandeterre.fr\/?p=2126\">Conf\u00e9rence-spectacle<\/a><\/h2>\n\n\t\t\t\t<div class=\"su-post-meta\">\n\t\t\t\t\tPubli\u00e9: 11 f\u00e9vrier 2020\t\t\t\t<\/div>\n\n\t\t\t\t<div class=\"su-post-excerpt\">\n\t\t\t\t\t<p>V.H. (Victor Hugo) Ah ! Le Destin Compagnie, pr\u00e9sente V.H. une conf\u00e9rence-spectacle hors les murs sur Victor Hugo, l\u2019homme politique du XIX\u00e8me si\u00e8cle. Sur sc\u00e8ne, un com\u00e9dien et une com\u00e9dienne partagent sous forme interactive et originale les combats de Victor Hugo contre l\u2019injustice. Lieu\u00a0: Centre-social La source \u00e0 Petit-Canal. Dur\u00e9e\u00a0: 55 minutes + 30 minutes de discussion 5\u20ac\/ \u00e9l\u00e8ve 8\u20ac\/ accompagnateur Bulletin de r\u00e9servation disponible au CDI. &nbsp; Le professeur<\/p>\n\t\t\t\t<\/div>\n\n\t\t\t\t\n\t\t\t<\/div>\n\n\t\t\n\t\n<\/div>\n\n","protected":false},"excerpt":{"rendered":"<p>FONCTIONNEMENT GENERAL DE LA MEDIATHEQUE \/ CDI Le CDI offre \u00e0 l\u2019ensemble de la communaut\u00e9 scolaire les ressources d\u2019une m\u00e9diath\u00e8que\u00a0: livres, presse, vid\u00e9os, audio, informatique. Ses locaux sont accessibles \u00e0 tous\u00a0: \u00e9l\u00e8ves, personnels, parents. Le pr\u00eat des documents est ouvert \u00e0 tous, dans la limite de 3 documents par personne pour une dur\u00e9e de 15 jours. ESPACES La m\u00e9diath\u00e8que du lyc\u00e9e se caract\u00e9rise par une grande qualit\u00e9 architecturale. Les espaces sont vastes, nombreux et confortables\u00a0: larges baies vitr\u00e9es, climatisation, mobilier de qualit\u00e9, parc informatique. Plusieurs espaces sont adapt\u00e9s \u00e0 diff\u00e9rents&#8230; <\/p>\n","protected":false},"author":4,"featured_media":0,"parent":305,"menu_order":0,"comment_status":"closed","ping_status":"closed","template":"","meta":[],"_links":{"self":[{"href":"https:\/\/lponordgrandeterre.fr\/index.php?rest_route=\/wp\/v2\/pages\/540"}],"collection":[{"href":"https:\/\/lponordgrandeterre.fr\/index.php?rest_route=\/wp\/v2\/pages"}],"about":[{"href":"https:\/\/lponordgrandeterre.fr\/index.php?rest_route=\/wp\/v2\/types\/page"}],"author":[{"embeddable":true,"href":"https:\/\/lponordgrandeterre.fr\/index.php?rest_route=\/wp\/v2\/users\/4"}],"replies":[{"embeddable":true,"href":"https:\/\/lponordgrandeterre.fr\/index.php?rest_route=%2Fwp%2Fv2%2Fcomments&post=540"}],"version-history":[{"count":12,"href":"https:\/\/lponordgrandeterre.fr\/index.php?rest_route=\/wp\/v2\/pages\/540\/revisions"}],"predecessor-version":[{"id":593,"href":"https:\/\/lponordgrandeterre.fr\/index.php?rest_route=\/wp\/v2\/pages\/540\/revisions\/593"}],"up":[{"embeddable":true,"href":"https:\/\/lponordgrandeterre.fr\/index.php?rest_route=\/wp\/v2\/pages\/305"}],"wp:attachment":[{"href":"https:\/\/lponordgrandeterre.fr\/index.php?rest_route=%2Fwp%2Fv2%2Fmedia&parent=540"}],"curies":[{"name":"wp","href":"https:\/\/api.w.org\/{rel}","templated":true}]}}