{"id":542,"date":"2017-06-21T13:45:13","date_gmt":"2017-06-21T11:45:13","guid":{"rendered":"http:\/\/lponordgrandeterre.fr\/?page_id=542"},"modified":"2017-06-23T16:03:17","modified_gmt":"2017-06-23T14:03:17","slug":"cultures","status":"publish","type":"page","link":"https:\/\/lponordgrandeterre.fr\/?page_id=542","title":{"rendered":"Culture"},"content":{"rendered":"<p><strong>\u00a0<\/strong><\/p>\n<p><strong>LPO Nord Grande-Terre<\/strong><\/p>\n<p><strong>POLITIQUE CULTURELLE\u00a02012-2017<\/strong><\/p>\n<p>&nbsp;<\/p>\n<p>*La politique culturelle mise en \u0153uvre au sein du lyc\u00e9e s\u2019inscrit pleinement dans la philosophie du <strong>PEAC<\/strong>. Elle poursuit une finalit\u00e9 centrale\u00a0: <strong>offrir aux \u00e9l\u00e8ves des occasions de rencontre avec des cr\u00e9ateurs et des cr\u00e9ations<\/strong>. Cette finalit\u00e9 s\u2019inscrit dans une double perspective de p\u00e9dagogie active et d\u2019ouverture de l\u2019\u00e9cole sur son environnement, se d\u00e9clinant selon plusieurs modalit\u00e9s\u00a0:<\/p>\n<ul>\n<li><strong>Placer les \u00e9l\u00e8ves en situation de cr\u00e9ation<\/strong><\/li>\n<li><strong>Solliciter des intervenants ext\u00e9rieurs au titre d\u2019expert\u00a0<\/strong><\/li>\n<li><strong>D\u00e9velopper les partenariats avec les institutions culturelles et artistiques<\/strong><\/li>\n<\/ul>\n<p>&nbsp;<\/p>\n<p>*La politique culturelle mobilise les \u00e9quipes p\u00e9dagogiques et techniques des sections g\u00e9n\u00e9rales, technologiques et professionnelles dans un esprit de <strong>pluridisciplinarit\u00e9<\/strong> et de <strong>d\u00e9cloisonnement<\/strong> cat\u00e9goriel. Elle s\u2019articule aux axes structurant du projet d\u2019\u00e9tablissement\u00a0:<\/p>\n<ul>\n<li><u>Axe 1<\/u>: Favoriser la r\u00e9ussite de chaque \u00e9l\u00e8ve \u2192 Prendre en compte le profil de chaque \u00e9l\u00e8ve \u2192 D\u00e9velopper les parcours d\u2019excellence \u2192 <strong>Ateliers artistiques + enseignement d\u2019exploration Patrimoine<\/strong><\/li>\n<li><u>Axe 2<\/u>: Bien vivre ensemble \u2192 Faire conna\u00eetre l\u2019\u00e9tablissement \u2192 <strong>Travailler avec les acteurs du territoire + mobiliser les partenaires<\/strong><\/li>\n<li><u>Axe 3<\/u>: S\u2019ouvrir au monde \u2192renforcer les partenariats culturels et \u00e9ducatifs \u2192<strong>Centres culturels + collectivit\u00e9s territoriales + r\u00e9sidences d\u2019artistes<\/strong><\/li>\n<\/ul>\n<p>&nbsp;<\/p>\n<p>*Le lyc\u00e9e participe chaque ann\u00e9e \u00e0 l\u2019essentiel des dispositifs culturels acad\u00e9miques\u00a0: Foliture, Prix carbet des lyc\u00e9ens, Prix BDziles, Concours de nouvelles \u00ab\u00a0J\u2019\u00e9cris mon pays\u00a0\u00bb, Wi An Art. En outre, le lyc\u00e9e d\u00e9veloppe des actions propres\u00a0(surlign\u00e9s: projets b\u00e9n\u00e9ficiant de financement DAC et Conseil R\u00e9gional)\u00a0:<\/p>\n<p>&nbsp;<\/p>\n<p>T\u00e9l\u00e9charger le dossier complet\u00a0<a href=\"http:\/\/lponordgrandeterre.fr\/wp-content\/uploads\/2017\/06\/1.-Bilan-Politique-CULTURELLE-2012-2017.pdf\" target=\"_blank\" rel=\"noopener noreferrer\">1. Bilan Politique CULTURELLE 2012-2017<\/a><\/p>\n<div class=\"su-document su-u-responsive-media-yes\"><iframe src=\"\/\/docs.google.com\/viewer?embedded=true&url=http:\/\/lponordgrandeterre.fr\/wp-content\/uploads\/2017\/06\/2.-Bilan-Politique-CULTURELLE-2012-2017-sans-intro.pdf\" width=\"840\" height=\"800\" class=\"su-document\" title=\"\"><\/iframe><\/div>\n<p>&nbsp;<\/p>\n<p>&nbsp;<\/p>\n<h5>Projets 2017-2018<\/h5>\n<p>_\u00a0<a href=\"http:\/\/lponordgrandeterre.fr\/wp-content\/uploads\/2017\/06\/11.-Fiche-p\u00e9da-surr\u00e9alisme.docx\" target=\"_blank\" rel=\"noopener noreferrer\">\u00a0Pr\u00e9sentation Dac Rhizomes 2017-2018<\/a><\/p>\n<p>_\u00a0<a href=\"http:\/\/lponordgrandeterre.fr\/wp-content\/uploads\/2017\/06\/7.-Fiche-P\u00e9da-Du-Selfie-\u00e0-lautoportrait-2017-2018-2.docx\" target=\"_blank\" rel=\"noopener noreferrer\">Fiche \u00a0P\u00e9da Du Selfie \u00e0 l&#8217;autoportrait 2017-2018<\/a><\/p>\n<p>_\u00a0<a href=\"http:\/\/lponordgrandeterre.fr\/wp-content\/uploads\/2017\/06\/9.-Fiche-p\u00e9da-art-et-architecture-Kaz.docx\" target=\"_blank\" rel=\"noopener noreferrer\">Fiche p\u00e9da &#8211; art et architecture &#8211; Kaz<\/a><\/p>\n<p>_\u00a0<a href=\"http:\/\/lponordgrandeterre.fr\/wp-content\/uploads\/2017\/06\/11.-Fiche-p\u00e9da-surr\u00e9alisme.docx\" target=\"_blank\" rel=\"noopener noreferrer\">\u00a0Fiche p\u00e9da &#8211; surr\u00e9alisme<\/a><\/p>\n<p>&nbsp;<\/p>\n<h5>Projets 2016-2017<\/h5>\n<p>_\u00a0<a href=\"http:\/\/lponordgrandeterre.fr\/wp-content\/uploads\/2017\/06\/Autoportrait-photo.docx\" target=\"_blank\" rel=\"noopener noreferrer\">Autoportrait photo<\/a><\/p>\n<p>_\u00a0<a href=\"http:\/\/lponordgrandeterre.fr\/wp-content\/uploads\/2017\/06\/Ka-Bomba.docx\" target=\"_blank\" rel=\"noopener noreferrer\">Ka-Bomba<\/a><\/p>\n<p>_\u00a0<a href=\"http:\/\/lponordgrandeterre.fr\/wp-content\/uploads\/2017\/06\/Patrimoines.docx\" target=\"_blank\" rel=\"noopener noreferrer\">Patrimoines<\/a><\/p>\n<p>_\u00a0<a href=\"http:\/\/lponordgrandeterre.fr\/wp-content\/uploads\/2017\/06\/Rhizomes.docx\" target=\"_blank\" rel=\"noopener noreferrer\">Rhizomes<\/a><\/p>\n","protected":false},"excerpt":{"rendered":"<p>\u00a0 LPO Nord Grande-Terre POLITIQUE CULTURELLE\u00a02012-2017 &nbsp; *La politique culturelle mise en \u0153uvre au sein du lyc\u00e9e s\u2019inscrit pleinement dans la philosophie du PEAC. Elle poursuit une finalit\u00e9 centrale\u00a0: offrir aux \u00e9l\u00e8ves des occasions de rencontre avec des cr\u00e9ateurs et des cr\u00e9ations. Cette finalit\u00e9 s\u2019inscrit dans une double perspective de p\u00e9dagogie active et d\u2019ouverture de l\u2019\u00e9cole sur son environnement, se d\u00e9clinant selon plusieurs modalit\u00e9s\u00a0: Placer les \u00e9l\u00e8ves en situation de cr\u00e9ation Solliciter des intervenants ext\u00e9rieurs au titre d\u2019expert\u00a0 D\u00e9velopper les partenariats avec les institutions culturelles et artistiques &nbsp; *La politique&#8230; <\/p>\n","protected":false},"author":4,"featured_media":0,"parent":305,"menu_order":1,"comment_status":"closed","ping_status":"closed","template":"","meta":[],"_links":{"self":[{"href":"https:\/\/lponordgrandeterre.fr\/index.php?rest_route=\/wp\/v2\/pages\/542"}],"collection":[{"href":"https:\/\/lponordgrandeterre.fr\/index.php?rest_route=\/wp\/v2\/pages"}],"about":[{"href":"https:\/\/lponordgrandeterre.fr\/index.php?rest_route=\/wp\/v2\/types\/page"}],"author":[{"embeddable":true,"href":"https:\/\/lponordgrandeterre.fr\/index.php?rest_route=\/wp\/v2\/users\/4"}],"replies":[{"embeddable":true,"href":"https:\/\/lponordgrandeterre.fr\/index.php?rest_route=%2Fwp%2Fv2%2Fcomments&post=542"}],"version-history":[{"count":10,"href":"https:\/\/lponordgrandeterre.fr\/index.php?rest_route=\/wp\/v2\/pages\/542\/revisions"}],"predecessor-version":[{"id":636,"href":"https:\/\/lponordgrandeterre.fr\/index.php?rest_route=\/wp\/v2\/pages\/542\/revisions\/636"}],"up":[{"embeddable":true,"href":"https:\/\/lponordgrandeterre.fr\/index.php?rest_route=\/wp\/v2\/pages\/305"}],"wp:attachment":[{"href":"https:\/\/lponordgrandeterre.fr\/index.php?rest_route=%2Fwp%2Fv2%2Fmedia&parent=542"}],"curies":[{"name":"wp","href":"https:\/\/api.w.org\/{rel}","templated":true}]}}