{"id":719,"date":"2017-06-29T20:43:00","date_gmt":"2017-06-29T18:43:00","guid":{"rendered":"http:\/\/lponordgrandeterre.fr\/?page_id=719"},"modified":"2022-07-19T05:48:50","modified_gmt":"2022-07-19T03:48:50","slug":"developpement-durable","status":"publish","type":"page","link":"https:\/\/lponordgrandeterre.fr\/?page_id=719","title":{"rendered":"Cellule D\u00e9veloppement durable"},"content":{"rendered":"\n\n<div class=\"su-posts su-posts-default-loop\">\n\n\t\n\t\t\n\t\t\t<div id=\"su-post-5532\" class=\"su-post\">\n\n\t\t\t\t\n\t\t\t\t<h2 class=\"su-post-title\"><a href=\"https:\/\/lponordgrandeterre.fr\/?p=5532\">TRASH TAG CHALLENGE<\/a><\/h2>\n\n\t\t\t\t<div class=\"su-post-meta\">\n\t\t\t\t\tPubli\u00e9: 3 avril 2025\t\t\t\t<\/div>\n\n\t\t\t\t<div class=\"su-post-excerpt\">\n\t\t\t\t\t<p>TRASH TAG CHALLENGE 2025 Grand nettoyage dans et autour du Lyc\u00e9e ce 21 Mars. Encadr\u00e9es par la classe de 1ere ASSP 2 ,&nbsp; 5 classes se sont inscrites cette ann\u00e9e avec 80 \u00e9l\u00e8ves participants et 18 eco-d\u00e9l\u00e9gu\u00e9s. Eco-d\u00e9fil\u00e9&nbsp;R\u00e9alis\u00e9s par les \u00e9tudiantes de premi\u00e8re ann\u00e9e de BTS MECP M\u00e9tiers de l\u2019Esth\u00e9tique Cosm\u00e9tique Parfumerie, nous avons pu appr\u00e9cier les maquillages tr\u00e8s vari\u00e9s et la cr\u00e9ativit\u00e9 des tenues pour d\u00e9noncer les actes de pollution tels que la d\u00e9forestation,&nbsp; \u2060la pollution des sols par le chlord\u00e9cone, \u2060la pollution marine,&nbsp; \u2060la pollution de l\u2019air et&#8230; <\/p>\n\t\t\t\t<\/div>\n\n\t\t\t\t\n\t\t\t<\/div>\n\n\t\t\n\t\t\t<div id=\"su-post-4404\" class=\"su-post\">\n\n\t\t\t\t\n\t\t\t\t<h2 class=\"su-post-title\"><a href=\"https:\/\/lponordgrandeterre.fr\/?p=4404\">Visite au 6\u00e8me Forum p\u00e9dagogique pour l&#8217;\u00c9ducation au D\u00e9veloppement Durable \u00e0 Basse-Terre, Fort Delgr\u00e8s<\/a><\/h2>\n\n\t\t\t\t<div class=\"su-post-meta\">\n\t\t\t\t\tPubli\u00e9: 11 mai 2023\t\t\t\t<\/div>\n\n\t\t\t\t<div class=\"su-post-excerpt\">\n\t\t\t\t\t<p>Le jeudi 26 avril 2023 , 20 \u00e9l\u00e8ves du lyc\u00e9e Nord Grand Terre ont pu aller visiter le passionnant forum D\u00e9veloppement Durable \u00e0 Basse Terre, dans le magnifique cadre du Fort Delgr\u00e8s. Ils ont aussi visit\u00e9 la marina de Rivi\u00e8re Sens et sont mont\u00e9s \u00e0 bord du superbe voilier de l&#8217;exp\u00e9dition scientifique Under The Pole, avec de nombreuses explications sur les effets du plastique dans la mer par exemple. Tr\u00e8s belle journ\u00e9e durable !<\/p>\n\t\t\t\t<\/div>\n\n\t\t\t\t\n\t\t\t<\/div>\n\n\t\t\n\t\t\t<div id=\"su-post-4381\" class=\"su-post\">\n\n\t\t\t\t\n\t\t\t\t<h2 class=\"su-post-title\"><a href=\"https:\/\/lponordgrandeterre.fr\/?p=4381\">#Trash Tag Challenge \u00c9dition 2023<\/a><\/h2>\n\n\t\t\t\t<div class=\"su-post-meta\">\n\t\t\t\t\tPubli\u00e9: 9 mai 2023\t\t\t\t<\/div>\n\n\t\t\t\t<div class=\"su-post-excerpt\">\n\t\t\t\t\t<p>Le 20 Avril s&#8217;est d\u00e9roul\u00e9e l&#8217;\u00e9dition 2023 du Trash Tag Challenge au Lyc\u00e9e Nord Grande Terre Haute Qualit\u00e9 Environnementale. Un grand nettoyage aux abords du Lyc\u00e9e a \u00e9t\u00e9 effectu\u00e9. L&#8217;accueil et l&#8217;encadrement de cette manifestation a \u00e9t\u00e9 assur\u00e9e par les \u00e9l\u00e8ves de 2nde ASSP 1, CAP OL et par la cellule D\u00e9veloppement Durable. La Mairie de Port-Louis, le SINNOVAL et le Service technique du Lyc\u00e9e ont apport\u00e9 \u00e9galement leur contribution. Plusieurs zones ont \u00e9t\u00e9 nettoy\u00e9es \u00e0 fond. La plus grande partie des d\u00e9chets recueillis se trouvait aux alentours de l&#8217;\u00e9tablissement&#8230;. <\/p>\n\t\t\t\t<\/div>\n\n\t\t\t\t\n\t\t\t<\/div>\n\n\t\t\n\t\t\t<div id=\"su-post-4254\" class=\"su-post\">\n\n\t\t\t\t\n\t\t\t\t<h2 class=\"su-post-title\"><a href=\"https:\/\/lponordgrandeterre.fr\/?p=4254\">Sortie p\u00e9dagogique au village artisanal de la ville de l&#8217;Anse Bertrand<\/a><\/h2>\n\n\t\t\t\t<div class=\"su-post-meta\">\n\t\t\t\t\tPubli\u00e9: 3 janvier 2023\t\t\t\t<\/div>\n\n\t\t\t\t<div class=\"su-post-excerpt\">\n\t\t\t\t\t<p>Dans le cadre de la course du Rhum, la ville de l&#8217;Anse Bertrand a mis en place son 1er village p\u00e9dagogique et artisanal, accueillant de nombreuses classes de la maternelle au coll\u00e8ge. La cellule d\u00e9veloppement durable du LPO NGT a \u00e9t\u00e9 sollicit\u00e9e pour l&#8217;organisation. Les \u00e9l\u00e8ves de Terminale ASSP D ont ainsi particip\u00e9 le 14 novembre 2022 \u00e0 l&#8217;organisation des stands p\u00e9dagogiques \u00e0 vis\u00e9e d\u00e9veloppement durable accueillant environ 200 jeunes. Bravo \u00e0 l&#8217;implication \u00c9cocitoyenne de nos \u00e9l\u00e8ves, tr\u00e8s remarqu\u00e9e par les collectivit\u00e9s locales.<\/p>\n\t\t\t\t<\/div>\n\n\t\t\t\t\n\t\t\t<\/div>\n\n\t\t\n\t\t\t<div id=\"su-post-3936\" class=\"su-post\">\n\n\t\t\t\t\t\t\t\t\t<a class=\"su-post-thumbnail\" href=\"https:\/\/lponordgrandeterre.fr\/?p=3936\"><img width=\"1200\" height=\"618\" src=\"https:\/\/lponordgrandeterre.fr\/wp-content\/uploads\/2022\/06\/1_av8ErKks1NNlFnedr5edzw.png\" class=\"attachment-post-thumbnail size-post-thumbnail wp-post-image\" alt=\"\" decoding=\"async\" loading=\"lazy\" srcset=\"https:\/\/lponordgrandeterre.fr\/wp-content\/uploads\/2022\/06\/1_av8ErKks1NNlFnedr5edzw.png 1200w, https:\/\/lponordgrandeterre.fr\/wp-content\/uploads\/2022\/06\/1_av8ErKks1NNlFnedr5edzw-300x155.png 300w, https:\/\/lponordgrandeterre.fr\/wp-content\/uploads\/2022\/06\/1_av8ErKks1NNlFnedr5edzw-1024x527.png 1024w, https:\/\/lponordgrandeterre.fr\/wp-content\/uploads\/2022\/06\/1_av8ErKks1NNlFnedr5edzw-768x396.png 768w\" sizes=\"(max-width: 1200px) 100vw, 1200px\" \/><\/a>\n\t\t\t\t\n\t\t\t\t<h2 class=\"su-post-title\"><a href=\"https:\/\/lponordgrandeterre.fr\/?p=3936\">Prix acad\u00e9mique Education D\u00e9veloppement Durable 2022<\/a><\/h2>\n\n\t\t\t\t<div class=\"su-post-meta\">\n\t\t\t\t\tPubli\u00e9: 19 juin 2022\t\t\t\t<\/div>\n\n\t\t\t\t<div class=\"su-post-excerpt\">\n\t\t\t\t\t<p>L&#8217;\u00e9ducation au d\u00e9veloppement durable (EDD)\u00a0a pour but de favoriser une r\u00e9flexion et des actions autour du d\u00e9veloppement durable. C&#8217;est ce que nous avons pu observer au sein de notre \u00e9tablissement lors du #trash tag challenge par exemple. Ainsi, le travail men\u00e9 cette ann\u00e9e par la cellule EDD a \u00e9t\u00e9 salu\u00e9 par le prix acad\u00e9mique Education D\u00e9veloppement Durable.<\/p>\n\t\t\t\t<\/div>\n\n\t\t\t\t\n\t\t\t<\/div>\n\n\t\t\n\t\t\t<div id=\"su-post-3827\" class=\"su-post\">\n\n\t\t\t\t\t\t\t\t\t<a class=\"su-post-thumbnail\" href=\"https:\/\/lponordgrandeterre.fr\/?p=3827\"><img width=\"1280\" height=\"576\" src=\"https:\/\/lponordgrandeterre.fr\/wp-content\/uploads\/2022\/06\/WhatsApp-Image-2022-06-01-at-08.59.39-1.jpeg\" class=\"attachment-post-thumbnail size-post-thumbnail wp-post-image\" alt=\"\" decoding=\"async\" loading=\"lazy\" srcset=\"https:\/\/lponordgrandeterre.fr\/wp-content\/uploads\/2022\/06\/WhatsApp-Image-2022-06-01-at-08.59.39-1.jpeg 1280w, https:\/\/lponordgrandeterre.fr\/wp-content\/uploads\/2022\/06\/WhatsApp-Image-2022-06-01-at-08.59.39-1-300x135.jpeg 300w, https:\/\/lponordgrandeterre.fr\/wp-content\/uploads\/2022\/06\/WhatsApp-Image-2022-06-01-at-08.59.39-1-1024x461.jpeg 1024w, https:\/\/lponordgrandeterre.fr\/wp-content\/uploads\/2022\/06\/WhatsApp-Image-2022-06-01-at-08.59.39-1-768x346.jpeg 768w\" sizes=\"(max-width: 1280px) 100vw, 1280px\" \/><\/a>\n\t\t\t\t\n\t\t\t\t<h2 class=\"su-post-title\"><a href=\"https:\/\/lponordgrandeterre.fr\/?p=3827\">Rencontre lyc\u00e9enne entre les \u00e9l\u00e8ves d&#8217;Angleterre et ceux du Bac Pro ASSP Option DNL de Port-Louis autour de la r\u00e9duction du plastique et de la pratique de l&#8217;anglais.<\/a><\/h2>\n\n\t\t\t\t<div class=\"su-post-meta\">\n\t\t\t\t\tPubli\u00e9: 14 juin 2022\t\t\t\t<\/div>\n\n\t\t\t\t<div class=\"su-post-excerpt\">\n\t\t\t\t\t<p>La cellule d\u00e9veloppement durable du lyc\u00e9e de Port-Louis a \u00e9t\u00e9 contact\u00e9e par le lyc\u00e9e de Southampton en Angleterre afin de r\u00e9aliser un rapprochement entre un lyc\u00e9e HQE et leur classe pour un projet sur la r\u00e9duction du plastique. Les liens ont \u00e9t\u00e9 imm\u00e9diats puisque notre lyc\u00e9e a une section DNL, discipline non linguistique, avec pr\u00e9paration du bac professionnel ASSP euro carib\u00e9en. Les \u00e9l\u00e8ves anglais ont donc \u00e9t\u00e9 accueillis par nos lyc\u00e9ens de DNL et leurs professeures Mesdames P\u00e9lisson et Perraud afin de visiter notre lyc\u00e9e HQE et tout ce qui&#8230; <\/p>\n\t\t\t\t<\/div>\n\n\t\t\t\t\n\t\t\t<\/div>\n\n\t\t\n\t\t\t<div id=\"su-post-3624\" class=\"su-post\">\n\n\t\t\t\t\t\t\t\t\t<a class=\"su-post-thumbnail\" href=\"https:\/\/lponordgrandeterre.fr\/?p=3624\"><img width=\"958\" height=\"532\" src=\"https:\/\/lponordgrandeterre.fr\/wp-content\/uploads\/2022\/05\/Trash-Tag-Challenge-2.jpg\" class=\"attachment-post-thumbnail size-post-thumbnail wp-post-image\" alt=\"\" decoding=\"async\" loading=\"lazy\" srcset=\"https:\/\/lponordgrandeterre.fr\/wp-content\/uploads\/2022\/05\/Trash-Tag-Challenge-2.jpg 958w, https:\/\/lponordgrandeterre.fr\/wp-content\/uploads\/2022\/05\/Trash-Tag-Challenge-2-300x167.jpg 300w, https:\/\/lponordgrandeterre.fr\/wp-content\/uploads\/2022\/05\/Trash-Tag-Challenge-2-768x426.jpg 768w\" sizes=\"(max-width: 958px) 100vw, 958px\" \/><\/a>\n\t\t\t\t\n\t\t\t\t<h2 class=\"su-post-title\"><a href=\"https:\/\/lponordgrandeterre.fr\/?p=3624\">Grand nettoyage de printemps au lyc\u00e9e Nord Grande Terre<\/a><\/h2>\n\n\t\t\t\t<div class=\"su-post-meta\">\n\t\t\t\t\tPubli\u00e9: 12 mai 2022\t\t\t\t<\/div>\n\n\t\t\t\t<div class=\"su-post-excerpt\">\n\t\t\t\t\t<p>Le 12 avril 2022, 130 \u00e9l\u00e8ves et \u00e9tudiants du lyc\u00e9e Nord Grande de Port Louis ont particip\u00e9 tr\u00e8s activement au grand nettoyage de printemps du Lyc\u00e9e. Organis\u00e9 par la cellule D\u00e9veloppement durable anim\u00e9e par M P\u00e9lisson, l&#8217;\u00e9tudiante Florinda Nom\u00e8de de BTS ESF qui vient de terminer son stage \u00e0 la CANGT et ses camarades de classe ainsi que les \u00e9l\u00e8ves de 1ere ASSP D, plusieurs classes ont patrouill\u00e9 autour du lyc\u00e9e, arm\u00e9es de pinces, gants et appareil photo pour immortaliser &#8220;Avant et Apr\u00e8s&#8221;. Un grand succ\u00e8s ! 57 sacs ont&#8230; <\/p>\n\t\t\t\t<\/div>\n\n\t\t\t\t\n\t\t\t<\/div>\n\n\t\t\n\t\t\t<div id=\"su-post-2778\" class=\"su-post\">\n\n\t\t\t\t\t\t\t\t\t<a class=\"su-post-thumbnail\" href=\"https:\/\/lponordgrandeterre.fr\/?p=2778\"><img width=\"1076\" height=\"448\" src=\"https:\/\/lponordgrandeterre.fr\/wp-content\/uploads\/2021\/04\/devant-le-bateau.jpg\" class=\"attachment-post-thumbnail size-post-thumbnail wp-post-image\" alt=\"\" decoding=\"async\" loading=\"lazy\" srcset=\"https:\/\/lponordgrandeterre.fr\/wp-content\/uploads\/2021\/04\/devant-le-bateau.jpg 1076w, https:\/\/lponordgrandeterre.fr\/wp-content\/uploads\/2021\/04\/devant-le-bateau-300x125.jpg 300w, https:\/\/lponordgrandeterre.fr\/wp-content\/uploads\/2021\/04\/devant-le-bateau-768x320.jpg 768w, https:\/\/lponordgrandeterre.fr\/wp-content\/uploads\/2021\/04\/devant-le-bateau-1024x426.jpg 1024w\" sizes=\"(max-width: 1076px) 100vw, 1076px\" \/><\/a>\n\t\t\t\t\n\t\t\t\t<h2 class=\"su-post-title\"><a href=\"https:\/\/lponordgrandeterre.fr\/?p=2778\">Animation EDD par des \u00e9l\u00e8ves de seconde Bac Pro ASSP aupr\u00e8s d&#8217;enfants malades en service de p\u00e9diatrie<\/a><\/h2>\n\n\t\t\t\t<div class=\"su-post-meta\">\n\t\t\t\t\tPubli\u00e9: 12 avril 2021\t\t\t\t<\/div>\n\n\t\t\t\t<div class=\"su-post-excerpt\">\n\t\t\t\t\t<p>Le projet d&#8217;\u00e9ducation artistique et culturelle 2020-2021 appel\u00e9 &#8220;Animation EDD par des \u00e9l\u00e8ves de seconde Bac Pro ASSP aupr\u00e8s d&#8217;enfants de l&#8217;\u00e9cole hospitali\u00e8re se d\u00e9roule bien cette ann\u00e9e, dans le respect des r\u00e8gles sanitaires et financ\u00e9 avec l&#8217;aide la la DAAC, de la R\u00e9gion et du lyc\u00e9e Nord Grande Terre. Nos \u00e9l\u00e8ves de 2de ASSP 1 du lyc\u00e9e Nord Grande terre de port louis ont dans un premier temps re\u00e7u une formation par la biologiste Julie Mellinger de l&#8217;association Mon Ecole Ma Baleine afin de comprendre la vie des c\u00e9tac\u00e9s&#8230; <\/p>\n\t\t\t\t<\/div>\n\n\t\t\t\t\n\t\t\t<\/div>\n\n\t\t\n\t\t\t<div id=\"su-post-1911\" class=\"su-post\">\n\n\t\t\t\t\t\t\t\t\t<a class=\"su-post-thumbnail\" href=\"https:\/\/lponordgrandeterre.fr\/?p=1911\"><img width=\"620\" height=\"815\" src=\"https:\/\/lponordgrandeterre.fr\/wp-content\/uploads\/2019\/11\/1-1.png\" class=\"attachment-post-thumbnail size-post-thumbnail wp-post-image\" alt=\"\" decoding=\"async\" loading=\"lazy\" srcset=\"https:\/\/lponordgrandeterre.fr\/wp-content\/uploads\/2019\/11\/1-1.png 620w, https:\/\/lponordgrandeterre.fr\/wp-content\/uploads\/2019\/11\/1-1-228x300.png 228w\" sizes=\"(max-width: 620px) 100vw, 620px\" \/><\/a>\n\t\t\t\t\n\t\t\t\t<h2 class=\"su-post-title\"><a href=\"https:\/\/lponordgrandeterre.fr\/?p=1911\">PATRIMOINE, PAYSAGES ET IDENTIT\u00c9(S)<\/a><\/h2>\n\n\t\t\t\t<div class=\"su-post-meta\">\n\t\t\t\t\tPubli\u00e9: 6 novembre 2019\t\t\t\t<\/div>\n\n\t\t\t\t<div class=\"su-post-excerpt\">\n\t\t\t\t\t<p>&nbsp; &nbsp; &nbsp; &nbsp; &nbsp; &nbsp; Le lundi 07 octobre 2019, dans le cadre d&#8217;un projet interdisciplinaire (cointervention), la classe de seconde SPVL (Services de proximit\u00e9 et vie locale) du lyc\u00e9e est partie en excursion sur le site naturel prot\u00e9g\u00e9 de Beautiran. Les \u00e9l\u00e8ves ont ainsi d\u00e9couvert un lieu embl\u00e9matique du patrimoine naturel et industriel de l&#8217;\u00eele, tout en constatant, sur leur chair et dans leurs &#8220;linges&#8221;, qu&#8217;il s&#8217;agit bien d&#8217;une zone humide ;-). Sur place, ils ont \u00e9t\u00e9 invit\u00e9s \u00e0 \u00ab faire l&#8217;\u00e9ponge \u00bb (cela tombait bien), \u00e0 s&#8217;impr\u00e9gner&#8230; <\/p>\n\t\t\t\t<\/div>\n\n\t\t\t\t\n\t\t\t<\/div>\n\n\t\t\n\t\t\t<div id=\"su-post-1167\" class=\"su-post\">\n\n\t\t\t\t\t\t\t\t\t<a class=\"su-post-thumbnail\" href=\"https:\/\/lponordgrandeterre.fr\/?p=1167\"><img width=\"298\" height=\"230\" src=\"https:\/\/lponordgrandeterre.fr\/wp-content\/uploads\/2018\/05\/miniature_gabarit_corepile.jpg\" class=\"attachment-post-thumbnail size-post-thumbnail wp-post-image\" alt=\"\" decoding=\"async\" loading=\"lazy\" \/><\/a>\n\t\t\t\t\n\t\t\t\t<h2 class=\"su-post-title\"><a href=\"https:\/\/lponordgrandeterre.fr\/?p=1167\">Inauguration du bac &#8220;Corepile&#8221;<\/a><\/h2>\n\n\t\t\t\t<div class=\"su-post-meta\">\n\t\t\t\t\tPubli\u00e9: 14 mai 2018\t\t\t\t<\/div>\n\n\t\t\t\t<div class=\"su-post-excerpt\">\n\t\t\t\t\t<p>Le mardi 24 avril 2018, la classe de 2 Pro L a inaugur\u00e9 le bac Corepile qui permettra \u00e0 l&#8217;ensemble du lyc\u00e9e, personnels comme \u00e9l\u00e8ves, de faire recycler ses piles usag\u00e9es. Prochainement aura lieu une distribution de cubes \u00e0 piles afin de faciliter la collecte au bureau comme \u00e0 votre domicile. Pensez qu&#8217;aujourd&#8217;hui 100% des piles peuvent \u00eatre recycl\u00e9es, le projet de la classe est de nous aider \u00e0 accomplir des gestes \u00e9co-citoyens simples ! A vos piles ! &nbsp; &nbsp; &nbsp; &nbsp;<\/p>\n\t\t\t\t<\/div>\n\n\t\t\t\t\n\t\t\t<\/div>\n\n\t\t\n\t\t\t<div id=\"su-post-1145\" class=\"su-post\">\n\n\t\t\t\t\t\t\t\t\t<a class=\"su-post-thumbnail\" href=\"https:\/\/lponordgrandeterre.fr\/?p=1145\"><img width=\"298\" height=\"230\" src=\"https:\/\/lponordgrandeterre.fr\/wp-content\/uploads\/2018\/05\/miniature_gabarit.jpg\" class=\"attachment-post-thumbnail size-post-thumbnail wp-post-image\" alt=\"\" decoding=\"async\" loading=\"lazy\" \/><\/a>\n\t\t\t\t\n\t\t\t\t<h2 class=\"su-post-title\"><a href=\"https:\/\/lponordgrandeterre.fr\/?p=1145\">Forum acad\u00e9mique EDD ( Education au d\u00e9veloppement durable)<\/a><\/h2>\n\n\t\t\t\t<div class=\"su-post-meta\">\n\t\t\t\t\tPubli\u00e9: 2 mai 2018\t\t\t\t<\/div>\n\n\t\t\t\t<div class=\"su-post-excerpt\">\n\t\t\t\t\t<p>Un forum acad\u00e9mique EDD ( Education au d\u00e9veloppement durable ) au lyc\u00e9e Nord Grande Terre \u00e0 Port Louis, en Guadeloupe, pendant 2 jours. Beaucoup d&#8217;\u00e9changes, de structures, d&#8217;associations, de conf\u00e9rences, de sorties p\u00e9dagogiques. Des solutions concr\u00e8tes, des probl\u00e8mes soulev\u00e9s, des politiques alert\u00e9s, des \u00e9l\u00e8ves tr\u00e8s engag\u00e9s..Le lyc\u00e9e HQE mis \u00e0 l&#8217;honneur.On y croit! A renouveler Reportage ATV a consulter ici sur facebook &nbsp; &nbsp; &nbsp; &nbsp; Un lyc\u00e9e HQE signifie qu&#8217;il a obtenu le label Haute Qualit\u00e9 Environnemental&#8221;. Petite visite guid\u00e9e par les \u00e9l\u00e8ves de la 2de ASSP D du&#8230; <\/p>\n\t\t\t\t<\/div>\n\n\t\t\t\t\n\t\t\t<\/div>\n\n\t\t\n\t\t\t<div id=\"su-post-1077\" class=\"su-post\">\n\n\t\t\t\t\t\t\t\t\t<a class=\"su-post-thumbnail\" href=\"https:\/\/lponordgrandeterre.fr\/?p=1077\"><img width=\"298\" height=\"230\" src=\"https:\/\/lponordgrandeterre.fr\/wp-content\/uploads\/2018\/02\/LABEL-E2D-2.jpg\" class=\"attachment-post-thumbnail size-post-thumbnail wp-post-image\" alt=\"\" decoding=\"async\" loading=\"lazy\" \/><\/a>\n\t\t\t\t\n\t\t\t\t<h2 class=\"su-post-title\"><a href=\"https:\/\/lponordgrandeterre.fr\/?p=1077\">Label &#8220;E3D niveau 2 approfondissement&#8221; pour le lyc\u00e9e de Port Louis<\/a><\/h2>\n\n\t\t\t\t<div class=\"su-post-meta\">\n\t\t\t\t\tPubli\u00e9: 2 f\u00e9vrier 2018\t\t\t\t<\/div>\n\n\t\t\t\t<div class=\"su-post-excerpt\">\n\t\t\t\t\t<p>Le 1er juin 2017, le lyc\u00e9e Nord Grande Terre HQE( Haute qualit\u00e9 Environnementale ) recevait des mains du recteur le label &#8220;E3D niveau 2 approfondissement&#8221; pour 6 projets r\u00e9alis\u00e9s autour du d\u00e9veloppement durable. La 4\u00e8me \u00e9dition du forum p\u00e9dagogique EDD aura donc lieu en Guadeloupe dans le lyc\u00e9e de Port Louis le 26 et 27 Avril 2018. Le th\u00e8me de cette ann\u00e9e est &#8221; Gestion int\u00e9gr\u00e9e du littoral \/ Consommation et production responsables &#8220;. Pour les classes , les enseignants, les associations qui souhaitent participer \u00e0 l&#8217; \u00e9v\u00e9nement ,voici l&#8217;adresse&#8230; <\/p>\n\t\t\t\t<\/div>\n\n\t\t\t\t\n\t\t\t<\/div>\n\n\t\t\n\t\t\t<div id=\"su-post-915\" class=\"su-post\">\n\n\t\t\t\t\t\t\t\t\t<a class=\"su-post-thumbnail\" href=\"https:\/\/lponordgrandeterre.fr\/?p=915\"><img width=\"298\" height=\"230\" src=\"https:\/\/lponordgrandeterre.fr\/wp-content\/uploads\/2017\/11\/miniature_gabarit.jpg\" class=\"attachment-post-thumbnail size-post-thumbnail wp-post-image\" alt=\"\" decoding=\"async\" loading=\"lazy\" \/><\/a>\n\t\t\t\t\n\t\t\t\t<h2 class=\"su-post-title\"><a href=\"https:\/\/lponordgrandeterre.fr\/?p=915\">Borne de tri au lyc\u00e9e<\/a><\/h2>\n\n\t\t\t\t<div class=\"su-post-meta\">\n\t\t\t\t\tPubli\u00e9: 14 novembre 2017\t\t\t\t<\/div>\n\n\t\t\t\t<div class=\"su-post-excerpt\">\n\t\t\t\t\t<p>Mesdames, Messieurs, \u00c9l\u00e8ves,\u00a0 \u00c9tudiants, La section du BTS Economie Sociale Familiale de deuxi\u00e8me ann\u00e9e est heureuse de vous informer de la pr\u00e9sence d\u2019une borne de r\u00e9cup\u00e9ration de vos linges \u00ab\u00a0usag\u00e9s\u00a0\u00bb, \u00ab\u00a0ab\u00eem\u00e9s\u00a0\u00bb, \u00ab\u00a0d\u00e9mod\u00e9s\u00a0\u00bb\u2026 Pour cela, si vous \u00eates dans le cas o\u00f9 votre armoire ou\/et celles de vos parents et familles sont remplies de v\u00eatements homme\/femme\/enfant non utilis\u00e9s ou ab\u00eem\u00e9s ou que vous ne mettez plus \u2026 apportez-les au lyc\u00e9e et glissez-les dans la borne de tri de couleur rouge et verte situ\u00e9e au niveau de l\u2019accueil du lyc\u00e9e. Les v\u00eatements&#8230; <\/p>\n\t\t\t\t<\/div>\n\n\t\t\t\t\n\t\t\t<\/div>\n\n\t\t\n\t\n<\/div>\n\n","protected":false},"excerpt":{"rendered":"","protected":false},"author":4,"featured_media":0,"parent":100,"menu_order":4,"comment_status":"closed","ping_status":"closed","template":"","meta":[],"_links":{"self":[{"href":"https:\/\/lponordgrandeterre.fr\/index.php?rest_route=\/wp\/v2\/pages\/719"}],"collection":[{"href":"https:\/\/lponordgrandeterre.fr\/index.php?rest_route=\/wp\/v2\/pages"}],"about":[{"href":"https:\/\/lponordgrandeterre.fr\/index.php?rest_route=\/wp\/v2\/types\/page"}],"author":[{"embeddable":true,"href":"https:\/\/lponordgrandeterre.fr\/index.php?rest_route=\/wp\/v2\/users\/4"}],"replies":[{"embeddable":true,"href":"https:\/\/lponordgrandeterre.fr\/index.php?rest_route=%2Fwp%2Fv2%2Fcomments&post=719"}],"version-history":[{"count":5,"href":"https:\/\/lponordgrandeterre.fr\/index.php?rest_route=\/wp\/v2\/pages\/719\/revisions"}],"predecessor-version":[{"id":4031,"href":"https:\/\/lponordgrandeterre.fr\/index.php?rest_route=\/wp\/v2\/pages\/719\/revisions\/4031"}],"up":[{"embeddable":true,"href":"https:\/\/lponordgrandeterre.fr\/index.php?rest_route=\/wp\/v2\/pages\/100"}],"wp:attachment":[{"href":"https:\/\/lponordgrandeterre.fr\/index.php?rest_route=%2Fwp%2Fv2%2Fmedia&parent=719"}],"curies":[{"name":"wp","href":"https:\/\/api.w.org\/{rel}","templated":true}]}}