{"id":94,"date":"2017-04-06T20:10:27","date_gmt":"2017-04-06T18:10:27","guid":{"rendered":"http:\/\/lponordgrandeterre.fr\/?page_id=94"},"modified":"2024-10-03T03:20:49","modified_gmt":"2024-10-03T01:20:49","slug":"organigramme","status":"publish","type":"page","link":"https:\/\/lponordgrandeterre.fr\/?page_id=94","title":{"rendered":"Direction &#038; organisation fonctionnelle des services"},"content":{"rendered":"<h5>Proviseur<\/h5>\n<p>M. Michel ACCIPE<\/p>\n<h5>Proviseurs adjoints<\/h5>\n<p>Mme Erika DELVER<\/p>\n<p>M. R\u00e9my EDOUARD (ff)<\/p>\n<h5>Secr\u00e9taire g\u00e9n\u00e9rale d&#8217;E.P.L.E &amp; agent comptable<\/h5>\n<p>Mme Rosnie SITCHARN<\/p>\n<h5>Secr\u00e9tariat de direction<\/h5>\n<p>Mme Solange VIRANIN<\/p>\n<h5>Secr\u00e9tariat de scolarit\u00e9 &#8211; &#8220;Secr\u00e9tariat des \u00e9l\u00e8ves et \u00e9tudiants&#8221;<\/h5>\n<p>Mme Leslie LARUN<\/p>\n<h5>Conseillers principaux d&#8217;\u00e9ducation<\/h5>\n<p>Mme Murielle De LACROIX<\/p>\n<p>Mme Marie-Juliette DEFREL LUJIEN<\/p>\n<p>Mme Kristy PLUMAIN<\/p>\n<p>Mme S\u00e9verine OSSEUX<\/p>\n<h5>Directrice D\u00e9l\u00e9gu\u00e9e aux Formations Professionnelles et Technologiques<\/h5>\n<p>Mme Nadine DURIMEL<\/p>\n<h5>Responsable du bureau des entreprises<\/h5>\n<p>Mme Laetitia HUBERT<\/p>\n<h5>Secr\u00e9taire g\u00e9n\u00e9rale adjointe &#8211; Fond\u00e9e de pouvoir<\/h5>\n<p>Mme Cl\u00e9mence MARIGNALE<\/p>\n<h5>Adjointe de la secr\u00e9taire g\u00e9n\u00e9rale<\/h5>\n<p>Mme Diana COMAN<\/p>\n<h5>Adjointe technique &amp; d&#8217;encadrement<\/h5>\n<p>M. Gladys DELAR<\/p>\n<h5>Assistante sociale<\/h5>\n<p>Mme Laurence GRAVELOT<\/p>\n<h5>Infirmi\u00e8re<\/h5>\n<p>Mme Isabelle KICHENIN<\/p>\n<h5>M\u00e9decin scolaire<\/h5>\n<p>Mme Fran\u00e7oise DOUPLA GONON<\/p>\n<h5>Psy-EN<\/h5>\n<p>Mme Marie-France GIRDARY<\/p>\n<p>Mme Carine RIVAL-PALMISTE<\/p>\n<p>\u00a0<\/p>\n<h5>R\u00e9f\u00e9rente Cord\u00e9es de la r\u00e9ussite<\/h5>\n<p>Mme Elisabeth RENAISON SCHOLASTIQUE<\/p>\n<h5>\u00a0<\/h5>\n<h5>R\u00e9f\u00e9rentes D\u00e9crochage scolaire<\/h5>\n<p>Mme Murielle De LACROIX<\/p>\n<p>Mme Marie-Andr\u00e9e LESAGE<\/p>\n<h5>\u00a0<\/h5>\n<h5>R\u00e9f\u00e9rente D\u00e9veloppement durable<\/h5>\n<p>Mme\u00a0Nelly PELISSON\u00a0\u00a0 \u00a0 \u00a0 \u00a0 contact: <a href=\"mailto:environnement.lyceeportlouis@gmail.com\">environnement.lyceeportlouis@gmail.com<\/a><\/p>\n<h5>\u00a0<\/h5>\n<h5>R\u00e9f\u00e9rente Dys<\/h5>\n<p>Mme Patricia GOBERT<\/p>\n<h5>\u00a0<\/h5>\n<h5>R\u00e9f\u00e9rentes ERASMUS+<\/h5>\n<p>Mme Nadine DURIMEL<\/p>\n<p>Mme Diana HEDREVILLE<\/p>\n<h5>R\u00e9f\u00e9rents aux ressources et usages p\u00e9dagogiques du Num\u00e9rique<\/h5>\n<p>M. Gareth BORDELAIS<\/p>\n<p>M. Henrico GOB<\/p>\n<h5>\u00a0<\/h5>\n<h5>R\u00e9f\u00e9rents aux ressources et usages p\u00e9dagogiques du Num\u00e9rique<\/h5>\n<p>M. Gareth BORDELAIS<\/p>\n<p>M. Henrico GOB<\/p>\n\n\n<p><\/p>\n","protected":false},"excerpt":{"rendered":"<p>Proviseur M. Michel ACCIPE Proviseurs adjoints Mme Erika DELVER M. R\u00e9my EDOUARD (ff) Secr\u00e9taire g\u00e9n\u00e9rale d&#8217;E.P.L.E &amp; agent comptable Mme Rosnie SITCHARN Secr\u00e9tariat de direction Mme Solange VIRANIN Secr\u00e9tariat de scolarit\u00e9 &#8211; &#8220;Secr\u00e9tariat des \u00e9l\u00e8ves et \u00e9tudiants&#8221; Mme Leslie LARUN Conseillers principaux d&#8217;\u00e9ducation Mme Murielle De LACROIX Mme Marie-Juliette DEFREL LUJIEN Mme Kristy PLUMAIN Mme S\u00e9verine OSSEUX Directrice D\u00e9l\u00e9gu\u00e9e aux Formations Professionnelles et Technologiques Mme Nadine DURIMEL Responsable du bureau des entreprises Mme Laetitia HUBERT Secr\u00e9taire g\u00e9n\u00e9rale adjointe &#8211; Fond\u00e9e de pouvoir Mme Cl\u00e9mence MARIGNALE Adjointe de la secr\u00e9taire g\u00e9n\u00e9rale&#8230; <\/p>\n","protected":false},"author":8,"featured_media":0,"parent":33,"menu_order":1,"comment_status":"closed","ping_status":"closed","template":"","meta":[],"_links":{"self":[{"href":"https:\/\/lponordgrandeterre.fr\/index.php?rest_route=\/wp\/v2\/pages\/94"}],"collection":[{"href":"https:\/\/lponordgrandeterre.fr\/index.php?rest_route=\/wp\/v2\/pages"}],"about":[{"href":"https:\/\/lponordgrandeterre.fr\/index.php?rest_route=\/wp\/v2\/types\/page"}],"author":[{"embeddable":true,"href":"https:\/\/lponordgrandeterre.fr\/index.php?rest_route=\/wp\/v2\/users\/8"}],"replies":[{"embeddable":true,"href":"https:\/\/lponordgrandeterre.fr\/index.php?rest_route=%2Fwp%2Fv2%2Fcomments&post=94"}],"version-history":[{"count":48,"href":"https:\/\/lponordgrandeterre.fr\/index.php?rest_route=\/wp\/v2\/pages\/94\/revisions"}],"predecessor-version":[{"id":5483,"href":"https:\/\/lponordgrandeterre.fr\/index.php?rest_route=\/wp\/v2\/pages\/94\/revisions\/5483"}],"up":[{"embeddable":true,"href":"https:\/\/lponordgrandeterre.fr\/index.php?rest_route=\/wp\/v2\/pages\/33"}],"wp:attachment":[{"href":"https:\/\/lponordgrandeterre.fr\/index.php?rest_route=%2Fwp%2Fv2%2Fmedia&parent=94"}],"curies":[{"name":"wp","href":"https:\/\/api.w.org\/{rel}","templated":true}]}}